{"id":145,"date":"2019-08-19T12:14:45","date_gmt":"2019-08-19T12:14:45","guid":{"rendered":"https:\/\/elements.hr\/shop\/?post_type=product&#038;p=145"},"modified":"2023-11-04T06:47:50","modified_gmt":"2023-11-04T06:47:50","slug":"adobe-dreamweaver","status":"publish","type":"product","link":"https:\/\/elements.hr\/shop\/proizvod\/adobe-dreamweaver\/","title":{"rendered":"Adobe Dreamweaver"},"content":{"rendered":"<h1><img loading=\"lazy\" decoding=\"async\" class=\"size-full wp-image-4372 alignleft\" src=\"https:\/\/elements.hr\/shop\/wp-content\/uploads\/2019\/08\/adobe-dreamweaver.png\" alt=\"\" width=\"450\" height=\"640\" srcset=\"https:\/\/elements.hr\/shop\/wp-content\/uploads\/2019\/08\/adobe-dreamweaver.png 450w, https:\/\/elements.hr\/shop\/wp-content\/uploads\/2019\/08\/adobe-dreamweaver-211x300.png 211w, https:\/\/elements.hr\/shop\/wp-content\/uploads\/2019\/08\/adobe-dreamweaver-416x592.png 416w\" sizes=\"auto, (max-width: 450px) 100vw, 450px\" \/>Adobe Dreamweaver<\/h1>\n<p>Dizajnirajte, razvijajte i objavljujte web sadr\u017eaje jo\u0161 br\u017ee<\/p>\n<p>Zahvaljuju\u0107i novom intuitivnom vizualnom su\u010delju za izradu, ure\u0111ivanje i objavljivanje web stranica i mobilnih aplikacija, povezanim alatima i unaprije\u0111enom CSS Designeru, Dreamweaver CC omogu\u0107uje vam u\u010dinkovito i intuitivno kodiranje. Kompatibilan je s web standardima te podr\u017eava HTML5\/CSS3 i jQuery, omogu\u0107ava vam dijeljenje va\u0161eg rada direktno iz aplikacije, kao i pristup svim najnovijim zna\u010dajkama \u010dim postanu dostupne.<\/p>\n<p><strong>Napomena:<\/strong>\u00a0Licenca Adobe softvera namijenjena je za jednog korisnika unutar tvrtke, te je potrebno kupiti onoliko licenci koliko je korisnika. Licenca se mo\u017ee instalirati na do dva ra\u010dunala istog korisnika, ali se ne smije koristiti istovremeno.<\/p>\n","protected":false},"excerpt":{"rendered":"<p>Adobe Dreamweaver Dizajnirajte, razvijajte i objavljujte web sadr\u017eaje jo\u0161 br\u017ee Zahvaljuju\u0107i novom intuitivnom vizualnom su\u010delju za izradu, ure\u0111ivanje i objavljivanje web stranica i mobilnih aplikacija, povezanim alatima i unaprije\u0111enom CSS Designeru, Dreamweaver CC omogu\u0107uje vam u\u010dinkovito i intuitivno kodiranje. Kompatibilan je s web standardima te podr\u017eava HTML5\/CSS3 i jQuery, omogu\u0107ava vam dijeljenje va\u0161eg rada direktno [&hellip;]<\/p>\n","protected":false},"featured_media":4347,"template":"","meta":[],"product_cat":[32,20],"product_tag":[],"class_list":["post-145","product","type-product","status-publish","has-post-thumbnail","hentry","product_cat-adobe-design","product_cat-adobe"],"yoast_head":"<!-- This site is optimized with the Yoast SEO plugin v18.6 - https:\/\/yoast.com\/wordpress\/plugins\/seo\/ -->\n<title>Adobe Dreamweaver - Elements Digital Shop<\/title>\n<meta name=\"description\" content=\"Dizajnirajte i razvijajte moderne, responzivne web stranice.\" \/>\n<meta name=\"robots\" content=\"index, follow, max-snippet:-1, max-image-preview:large, max-video-preview:-1\" \/>\n<link rel=\"canonical\" href=\"https:\/\/elements.hr\/shop\/proizvod\/adobe-dreamweaver\/\" \/>\n<meta property=\"og:locale\" content=\"hr_HR\" \/>\n<meta property=\"og:type\" content=\"article\" \/>\n<meta property=\"og:title\" content=\"Adobe Dreamweaver - Elements Digital Shop\" \/>\n<meta property=\"og:description\" content=\"Dizajnirajte i razvijajte moderne, responzivne web stranice.\" \/>\n<meta property=\"og:url\" content=\"https:\/\/elements.hr\/shop\/proizvod\/adobe-dreamweaver\/\" \/>\n<meta property=\"og:site_name\" content=\"Elements Digital Shop\" \/>\n<meta property=\"article:modified_time\" content=\"2023-11-04T06:47:50+00:00\" \/>\n<meta property=\"og:image\" content=\"https:\/\/elements.hr\/shop\/wp-content\/uploads\/2022\/12\/adobe-2023-dreamweaver.png\" \/>\n\t<meta property=\"og:image:width\" content=\"500\" \/>\n\t<meta property=\"og:image:height\" content=\"500\" \/>\n\t<meta property=\"og:image:type\" content=\"image\/png\" \/>\n<meta name=\"twitter:card\" content=\"summary_large_image\" \/>\n<meta name=\"twitter:label1\" content=\"Procijenjeno vrijeme \u010ditanja\" \/>\n\t<meta name=\"twitter:data1\" content=\"1 minuta\" \/>\n<script type=\"application\/ld+json\" class=\"yoast-schema-graph\">{\"@context\":\"https:\/\/schema.org\",\"@graph\":[{\"@type\":\"Organization\",\"@id\":\"https:\/\/elements.hr\/shop\/#organization\",\"name\":\"Elements Digital d.o.o.\",\"url\":\"https:\/\/elements.hr\/shop\/\",\"sameAs\":[],\"logo\":{\"@type\":\"ImageObject\",\"@id\":\"https:\/\/elements.hr\/shop\/#logo\",\"inLanguage\":\"hr\",\"url\":\"https:\/\/elements.hr\/shop\/wp-content\/uploads\/2022\/04\/logo-header.png\",\"contentUrl\":\"https:\/\/elements.hr\/shop\/wp-content\/uploads\/2022\/04\/logo-header.png\",\"width\":1241,\"height\":295,\"caption\":\"Elements Digital d.o.o.\"},\"image\":{\"@id\":\"https:\/\/elements.hr\/shop\/#logo\"}},{\"@type\":\"WebSite\",\"@id\":\"https:\/\/elements.hr\/shop\/#website\",\"url\":\"https:\/\/elements.hr\/shop\/\",\"name\":\"Elements Digital Shop\",\"description\":\"Elements Digital Shop\",\"publisher\":{\"@id\":\"https:\/\/elements.hr\/shop\/#organization\"},\"potentialAction\":[{\"@type\":\"SearchAction\",\"target\":{\"@type\":\"EntryPoint\",\"urlTemplate\":\"https:\/\/elements.hr\/shop\/?s={search_term_string}\"},\"query-input\":\"required name=search_term_string\"}],\"inLanguage\":\"hr\"},{\"@type\":\"ImageObject\",\"@id\":\"https:\/\/elements.hr\/shop\/proizvod\/adobe-dreamweaver\/#primaryimage\",\"inLanguage\":\"hr\",\"url\":\"https:\/\/elements.hr\/shop\/wp-content\/uploads\/2022\/12\/adobe-2023-dreamweaver.png\",\"contentUrl\":\"https:\/\/elements.hr\/shop\/wp-content\/uploads\/2022\/12\/adobe-2023-dreamweaver.png\",\"width\":500,\"height\":500},{\"@type\":\"WebPage\",\"@id\":\"https:\/\/elements.hr\/shop\/proizvod\/adobe-dreamweaver\/#webpage\",\"url\":\"https:\/\/elements.hr\/shop\/proizvod\/adobe-dreamweaver\/\",\"name\":\"Adobe Dreamweaver - Elements Digital Shop\",\"isPartOf\":{\"@id\":\"https:\/\/elements.hr\/shop\/#website\"},\"primaryImageOfPage\":{\"@id\":\"https:\/\/elements.hr\/shop\/proizvod\/adobe-dreamweaver\/#primaryimage\"},\"datePublished\":\"2019-08-19T12:14:45+00:00\",\"dateModified\":\"2023-11-04T06:47:50+00:00\",\"description\":\"Dizajnirajte i razvijajte moderne, responzivne web stranice.\",\"breadcrumb\":{\"@id\":\"https:\/\/elements.hr\/shop\/proizvod\/adobe-dreamweaver\/#breadcrumb\"},\"inLanguage\":\"hr\",\"potentialAction\":[{\"@type\":\"ReadAction\",\"target\":[\"https:\/\/elements.hr\/shop\/proizvod\/adobe-dreamweaver\/\"]}]},{\"@type\":\"BreadcrumbList\",\"@id\":\"https:\/\/elements.hr\/shop\/proizvod\/adobe-dreamweaver\/#breadcrumb\",\"itemListElement\":[{\"@type\":\"ListItem\",\"position\":1,\"name\":\"Home\",\"item\":\"https:\/\/elements.hr\/shop\/\"},{\"@type\":\"ListItem\",\"position\":2,\"name\":\"Shop\",\"item\":\"https:\/\/elements.hr\/shop\/shop\/\"},{\"@type\":\"ListItem\",\"position\":3,\"name\":\"Adobe Dreamweaver\"}]}]}<\/script>\n<!-- \/ Yoast SEO plugin. -->","yoast_head_json":{"title":"Adobe Dreamweaver - Elements Digital Shop","description":"Dizajnirajte i razvijajte moderne, responzivne web stranice.","robots":{"index":"index","follow":"follow","max-snippet":"max-snippet:-1","max-image-preview":"max-image-preview:large","max-video-preview":"max-video-preview:-1"},"canonical":"https:\/\/elements.hr\/shop\/proizvod\/adobe-dreamweaver\/","og_locale":"hr_HR","og_type":"article","og_title":"Adobe Dreamweaver - Elements Digital Shop","og_description":"Dizajnirajte i razvijajte moderne, responzivne web stranice.","og_url":"https:\/\/elements.hr\/shop\/proizvod\/adobe-dreamweaver\/","og_site_name":"Elements Digital Shop","article_modified_time":"2023-11-04T06:47:50+00:00","og_image":[{"width":500,"height":500,"url":"https:\/\/elements.hr\/shop\/wp-content\/uploads\/2022\/12\/adobe-2023-dreamweaver.png","type":"image\/png"}],"twitter_card":"summary_large_image","twitter_misc":{"Procijenjeno vrijeme \u010ditanja":"1 minuta"},"schema":{"@context":"https:\/\/schema.org","@graph":[{"@type":"Organization","@id":"https:\/\/elements.hr\/shop\/#organization","name":"Elements Digital d.o.o.","url":"https:\/\/elements.hr\/shop\/","sameAs":[],"logo":{"@type":"ImageObject","@id":"https:\/\/elements.hr\/shop\/#logo","inLanguage":"hr","url":"https:\/\/elements.hr\/shop\/wp-content\/uploads\/2022\/04\/logo-header.png","contentUrl":"https:\/\/elements.hr\/shop\/wp-content\/uploads\/2022\/04\/logo-header.png","width":1241,"height":295,"caption":"Elements Digital d.o.o."},"image":{"@id":"https:\/\/elements.hr\/shop\/#logo"}},{"@type":"WebSite","@id":"https:\/\/elements.hr\/shop\/#website","url":"https:\/\/elements.hr\/shop\/","name":"Elements Digital Shop","description":"Elements Digital Shop","publisher":{"@id":"https:\/\/elements.hr\/shop\/#organization"},"potentialAction":[{"@type":"SearchAction","target":{"@type":"EntryPoint","urlTemplate":"https:\/\/elements.hr\/shop\/?s={search_term_string}"},"query-input":"required name=search_term_string"}],"inLanguage":"hr"},{"@type":"ImageObject","@id":"https:\/\/elements.hr\/shop\/proizvod\/adobe-dreamweaver\/#primaryimage","inLanguage":"hr","url":"https:\/\/elements.hr\/shop\/wp-content\/uploads\/2022\/12\/adobe-2023-dreamweaver.png","contentUrl":"https:\/\/elements.hr\/shop\/wp-content\/uploads\/2022\/12\/adobe-2023-dreamweaver.png","width":500,"height":500},{"@type":"WebPage","@id":"https:\/\/elements.hr\/shop\/proizvod\/adobe-dreamweaver\/#webpage","url":"https:\/\/elements.hr\/shop\/proizvod\/adobe-dreamweaver\/","name":"Adobe Dreamweaver - Elements Digital Shop","isPartOf":{"@id":"https:\/\/elements.hr\/shop\/#website"},"primaryImageOfPage":{"@id":"https:\/\/elements.hr\/shop\/proizvod\/adobe-dreamweaver\/#primaryimage"},"datePublished":"2019-08-19T12:14:45+00:00","dateModified":"2023-11-04T06:47:50+00:00","description":"Dizajnirajte i razvijajte moderne, responzivne web stranice.","breadcrumb":{"@id":"https:\/\/elements.hr\/shop\/proizvod\/adobe-dreamweaver\/#breadcrumb"},"inLanguage":"hr","potentialAction":[{"@type":"ReadAction","target":["https:\/\/elements.hr\/shop\/proizvod\/adobe-dreamweaver\/"]}]},{"@type":"BreadcrumbList","@id":"https:\/\/elements.hr\/shop\/proizvod\/adobe-dreamweaver\/#breadcrumb","itemListElement":[{"@type":"ListItem","position":1,"name":"Home","item":"https:\/\/elements.hr\/shop\/"},{"@type":"ListItem","position":2,"name":"Shop","item":"https:\/\/elements.hr\/shop\/shop\/"},{"@type":"ListItem","position":3,"name":"Adobe Dreamweaver"}]}]}},"_links":{"self":[{"href":"https:\/\/elements.hr\/shop\/wp-json\/wp\/v2\/product\/145","targetHints":{"allow":["GET"]}}],"collection":[{"href":"https:\/\/elements.hr\/shop\/wp-json\/wp\/v2\/product"}],"about":[{"href":"https:\/\/elements.hr\/shop\/wp-json\/wp\/v2\/types\/product"}],"wp:featuredmedia":[{"embeddable":true,"href":"https:\/\/elements.hr\/shop\/wp-json\/wp\/v2\/media\/4347"}],"wp:attachment":[{"href":"https:\/\/elements.hr\/shop\/wp-json\/wp\/v2\/media?parent=145"}],"wp:term":[{"taxonomy":"product_cat","embeddable":true,"href":"https:\/\/elements.hr\/shop\/wp-json\/wp\/v2\/product_cat?post=145"},{"taxonomy":"product_tag","embeddable":true,"href":"https:\/\/elements.hr\/shop\/wp-json\/wp\/v2\/product_tag?post=145"}],"curies":[{"name":"wp","href":"https:\/\/api.w.org\/{rel}","templated":true}]}}