{"id":4176,"date":"2022-04-17T12:10:35","date_gmt":"2022-04-17T12:10:35","guid":{"rendered":"https:\/\/elements.hr\/shop\/?post_type=product&#038;p=4176"},"modified":"2023-11-04T06:44:54","modified_gmt":"2023-11-04T06:44:54","slug":"adobe-dimension","status":"publish","type":"product","link":"https:\/\/elements.hr\/shop\/proizvod\/adobe-dimension\/","title":{"rendered":"Adobe Dimension"},"content":{"rendered":"<h1>Adobe Dimension<\/h1>\n<p>Adobe Dimension olak\u0161ava grafi\u010dkim dizajnerima stvaranje visokokvalitetnih, fotorealisti\u010dnih 3D kreacija, a mogu\u0107e je stvarati i kompozitne 2D i 3D snimke za izradu prototipa, vizualizacije i apstraktnu umjetnost.<\/p>\n<p>Nova perspektiva. Vizualizirajte proizvode, dizajn ambala\u017ea i sli\u010dno \u2013 u stvarnom okru\u017eenju. Lako montirajte logo ili vektorsku grafiku na 3D model da biste vidjeli kako bi koncept va\u0161eg dizajna izgledao u stvarnom \u017eivotu. Pomo\u0107u fotografskih alata koji vam omogu\u0107avaju da se kre\u0107ete oko objekta, mo\u017eete vidjeti kako va\u0161a grafika izgleda iz bilo koje perspektive.<\/p>\n<p>Dodajte nove dimenzije svojim kreacijama. Izradite jedinstvene digitalne slike, dizajnirajte pregled scenografije ili stvorite vlastiti izvorni umjetni\u010dki rad s fotorealisti\u010dnim 3D efektima. Dimension otvara svijet 3D dizajna svim digitalnim umjetnicima.<\/p>\n<p><strong>Napomena:<\/strong>\u00a0Licenca Adobe softvera namijenjena je za jednog korisnika unutar tvrtke, te je potrebno kupiti onoliko licenci koliko je korisnika. Licenca se mo\u017ee instalirati na do dva ra\u010dunala istog korisnika, ali se ne smije koristiti istovremeno.<\/p>\n","protected":false},"excerpt":{"rendered":"<p>Adobe Dimension Adobe Dimension olak\u0161ava grafi\u010dkim dizajnerima stvaranje visokokvalitetnih, fotorealisti\u010dnih 3D kreacija, a mogu\u0107e je stvarati i kompozitne 2D i 3D snimke za izradu prototipa, vizualizacije i apstraktnu umjetnost. Nova perspektiva. Vizualizirajte proizvode, dizajn ambala\u017ea i sli\u010dno \u2013 u stvarnom okru\u017eenju. Lako montirajte logo ili vektorsku grafiku na 3D model da biste vidjeli kako bi [&hellip;]<\/p>\n","protected":false},"featured_media":4346,"template":"","meta":[],"product_cat":[34,20],"product_tag":[],"class_list":["post-4176","product","type-product","status-publish","has-post-thumbnail","hentry","product_cat-adobe-3d","product_cat-adobe"],"yoast_head":"<!-- This site is optimized with the Yoast SEO plugin v18.6 - https:\/\/yoast.com\/wordpress\/plugins\/seo\/ -->\n<title>Adobe Dimension - Elements Digital Shop<\/title>\n<meta name=\"description\" content=\"Stvorite fotorealisti\u010dne 3D slike za brendiranje, snimke proizvoda i dizajn paketa.\" \/>\n<meta name=\"robots\" content=\"index, follow, max-snippet:-1, max-image-preview:large, max-video-preview:-1\" \/>\n<link rel=\"canonical\" href=\"https:\/\/elements.hr\/shop\/proizvod\/adobe-dimension\/\" \/>\n<meta property=\"og:locale\" content=\"hr_HR\" \/>\n<meta property=\"og:type\" content=\"article\" \/>\n<meta property=\"og:title\" content=\"Adobe Dimension - Elements Digital Shop\" \/>\n<meta property=\"og:description\" content=\"Stvorite fotorealisti\u010dne 3D slike za brendiranje, snimke proizvoda i dizajn paketa.\" \/>\n<meta property=\"og:url\" content=\"https:\/\/elements.hr\/shop\/proizvod\/adobe-dimension\/\" \/>\n<meta property=\"og:site_name\" content=\"Elements Digital Shop\" \/>\n<meta property=\"article:modified_time\" content=\"2023-11-04T06:44:54+00:00\" \/>\n<meta property=\"og:image\" content=\"https:\/\/elements.hr\/shop\/wp-content\/uploads\/2022\/12\/adobe-2023-dimension.png\" \/>\n\t<meta property=\"og:image:width\" content=\"500\" \/>\n\t<meta property=\"og:image:height\" content=\"500\" \/>\n\t<meta property=\"og:image:type\" content=\"image\/png\" \/>\n<meta name=\"twitter:card\" content=\"summary_large_image\" \/>\n<meta name=\"twitter:label1\" content=\"Procijenjeno vrijeme \u010ditanja\" \/>\n\t<meta name=\"twitter:data1\" content=\"1 minuta\" \/>\n<script type=\"application\/ld+json\" class=\"yoast-schema-graph\">{\"@context\":\"https:\/\/schema.org\",\"@graph\":[{\"@type\":\"Organization\",\"@id\":\"https:\/\/elements.hr\/shop\/#organization\",\"name\":\"Elements Digital d.o.o.\",\"url\":\"https:\/\/elements.hr\/shop\/\",\"sameAs\":[],\"logo\":{\"@type\":\"ImageObject\",\"@id\":\"https:\/\/elements.hr\/shop\/#logo\",\"inLanguage\":\"hr\",\"url\":\"https:\/\/elements.hr\/shop\/wp-content\/uploads\/2022\/04\/logo-header.png\",\"contentUrl\":\"https:\/\/elements.hr\/shop\/wp-content\/uploads\/2022\/04\/logo-header.png\",\"width\":1241,\"height\":295,\"caption\":\"Elements Digital d.o.o.\"},\"image\":{\"@id\":\"https:\/\/elements.hr\/shop\/#logo\"}},{\"@type\":\"WebSite\",\"@id\":\"https:\/\/elements.hr\/shop\/#website\",\"url\":\"https:\/\/elements.hr\/shop\/\",\"name\":\"Elements Digital Shop\",\"description\":\"Elements Digital Shop\",\"publisher\":{\"@id\":\"https:\/\/elements.hr\/shop\/#organization\"},\"potentialAction\":[{\"@type\":\"SearchAction\",\"target\":{\"@type\":\"EntryPoint\",\"urlTemplate\":\"https:\/\/elements.hr\/shop\/?s={search_term_string}\"},\"query-input\":\"required name=search_term_string\"}],\"inLanguage\":\"hr\"},{\"@type\":\"ImageObject\",\"@id\":\"https:\/\/elements.hr\/shop\/proizvod\/adobe-dimension\/#primaryimage\",\"inLanguage\":\"hr\",\"url\":\"https:\/\/elements.hr\/shop\/wp-content\/uploads\/2022\/12\/adobe-2023-dimension.png\",\"contentUrl\":\"https:\/\/elements.hr\/shop\/wp-content\/uploads\/2022\/12\/adobe-2023-dimension.png\",\"width\":500,\"height\":500},{\"@type\":\"WebPage\",\"@id\":\"https:\/\/elements.hr\/shop\/proizvod\/adobe-dimension\/#webpage\",\"url\":\"https:\/\/elements.hr\/shop\/proizvod\/adobe-dimension\/\",\"name\":\"Adobe Dimension - Elements Digital Shop\",\"isPartOf\":{\"@id\":\"https:\/\/elements.hr\/shop\/#website\"},\"primaryImageOfPage\":{\"@id\":\"https:\/\/elements.hr\/shop\/proizvod\/adobe-dimension\/#primaryimage\"},\"datePublished\":\"2022-04-17T12:10:35+00:00\",\"dateModified\":\"2023-11-04T06:44:54+00:00\",\"description\":\"Stvorite fotorealisti\u010dne 3D slike za brendiranje, snimke proizvoda i dizajn paketa.\",\"breadcrumb\":{\"@id\":\"https:\/\/elements.hr\/shop\/proizvod\/adobe-dimension\/#breadcrumb\"},\"inLanguage\":\"hr\",\"potentialAction\":[{\"@type\":\"ReadAction\",\"target\":[\"https:\/\/elements.hr\/shop\/proizvod\/adobe-dimension\/\"]}]},{\"@type\":\"BreadcrumbList\",\"@id\":\"https:\/\/elements.hr\/shop\/proizvod\/adobe-dimension\/#breadcrumb\",\"itemListElement\":[{\"@type\":\"ListItem\",\"position\":1,\"name\":\"Home\",\"item\":\"https:\/\/elements.hr\/shop\/\"},{\"@type\":\"ListItem\",\"position\":2,\"name\":\"Shop\",\"item\":\"https:\/\/elements.hr\/shop\/shop\/\"},{\"@type\":\"ListItem\",\"position\":3,\"name\":\"Adobe Dimension\"}]}]}<\/script>\n<!-- \/ Yoast SEO plugin. -->","yoast_head_json":{"title":"Adobe Dimension - Elements Digital Shop","description":"Stvorite fotorealisti\u010dne 3D slike za brendiranje, snimke proizvoda i dizajn paketa.","robots":{"index":"index","follow":"follow","max-snippet":"max-snippet:-1","max-image-preview":"max-image-preview:large","max-video-preview":"max-video-preview:-1"},"canonical":"https:\/\/elements.hr\/shop\/proizvod\/adobe-dimension\/","og_locale":"hr_HR","og_type":"article","og_title":"Adobe Dimension - Elements Digital Shop","og_description":"Stvorite fotorealisti\u010dne 3D slike za brendiranje, snimke proizvoda i dizajn paketa.","og_url":"https:\/\/elements.hr\/shop\/proizvod\/adobe-dimension\/","og_site_name":"Elements Digital Shop","article_modified_time":"2023-11-04T06:44:54+00:00","og_image":[{"width":500,"height":500,"url":"https:\/\/elements.hr\/shop\/wp-content\/uploads\/2022\/12\/adobe-2023-dimension.png","type":"image\/png"}],"twitter_card":"summary_large_image","twitter_misc":{"Procijenjeno vrijeme \u010ditanja":"1 minuta"},"schema":{"@context":"https:\/\/schema.org","@graph":[{"@type":"Organization","@id":"https:\/\/elements.hr\/shop\/#organization","name":"Elements Digital d.o.o.","url":"https:\/\/elements.hr\/shop\/","sameAs":[],"logo":{"@type":"ImageObject","@id":"https:\/\/elements.hr\/shop\/#logo","inLanguage":"hr","url":"https:\/\/elements.hr\/shop\/wp-content\/uploads\/2022\/04\/logo-header.png","contentUrl":"https:\/\/elements.hr\/shop\/wp-content\/uploads\/2022\/04\/logo-header.png","width":1241,"height":295,"caption":"Elements Digital d.o.o."},"image":{"@id":"https:\/\/elements.hr\/shop\/#logo"}},{"@type":"WebSite","@id":"https:\/\/elements.hr\/shop\/#website","url":"https:\/\/elements.hr\/shop\/","name":"Elements Digital Shop","description":"Elements Digital Shop","publisher":{"@id":"https:\/\/elements.hr\/shop\/#organization"},"potentialAction":[{"@type":"SearchAction","target":{"@type":"EntryPoint","urlTemplate":"https:\/\/elements.hr\/shop\/?s={search_term_string}"},"query-input":"required name=search_term_string"}],"inLanguage":"hr"},{"@type":"ImageObject","@id":"https:\/\/elements.hr\/shop\/proizvod\/adobe-dimension\/#primaryimage","inLanguage":"hr","url":"https:\/\/elements.hr\/shop\/wp-content\/uploads\/2022\/12\/adobe-2023-dimension.png","contentUrl":"https:\/\/elements.hr\/shop\/wp-content\/uploads\/2022\/12\/adobe-2023-dimension.png","width":500,"height":500},{"@type":"WebPage","@id":"https:\/\/elements.hr\/shop\/proizvod\/adobe-dimension\/#webpage","url":"https:\/\/elements.hr\/shop\/proizvod\/adobe-dimension\/","name":"Adobe Dimension - Elements Digital Shop","isPartOf":{"@id":"https:\/\/elements.hr\/shop\/#website"},"primaryImageOfPage":{"@id":"https:\/\/elements.hr\/shop\/proizvod\/adobe-dimension\/#primaryimage"},"datePublished":"2022-04-17T12:10:35+00:00","dateModified":"2023-11-04T06:44:54+00:00","description":"Stvorite fotorealisti\u010dne 3D slike za brendiranje, snimke proizvoda i dizajn paketa.","breadcrumb":{"@id":"https:\/\/elements.hr\/shop\/proizvod\/adobe-dimension\/#breadcrumb"},"inLanguage":"hr","potentialAction":[{"@type":"ReadAction","target":["https:\/\/elements.hr\/shop\/proizvod\/adobe-dimension\/"]}]},{"@type":"BreadcrumbList","@id":"https:\/\/elements.hr\/shop\/proizvod\/adobe-dimension\/#breadcrumb","itemListElement":[{"@type":"ListItem","position":1,"name":"Home","item":"https:\/\/elements.hr\/shop\/"},{"@type":"ListItem","position":2,"name":"Shop","item":"https:\/\/elements.hr\/shop\/shop\/"},{"@type":"ListItem","position":3,"name":"Adobe Dimension"}]}]}},"_links":{"self":[{"href":"https:\/\/elements.hr\/shop\/wp-json\/wp\/v2\/product\/4176","targetHints":{"allow":["GET"]}}],"collection":[{"href":"https:\/\/elements.hr\/shop\/wp-json\/wp\/v2\/product"}],"about":[{"href":"https:\/\/elements.hr\/shop\/wp-json\/wp\/v2\/types\/product"}],"wp:featuredmedia":[{"embeddable":true,"href":"https:\/\/elements.hr\/shop\/wp-json\/wp\/v2\/media\/4346"}],"wp:attachment":[{"href":"https:\/\/elements.hr\/shop\/wp-json\/wp\/v2\/media?parent=4176"}],"wp:term":[{"taxonomy":"product_cat","embeddable":true,"href":"https:\/\/elements.hr\/shop\/wp-json\/wp\/v2\/product_cat?post=4176"},{"taxonomy":"product_tag","embeddable":true,"href":"https:\/\/elements.hr\/shop\/wp-json\/wp\/v2\/product_tag?post=4176"}],"curies":[{"name":"wp","href":"https:\/\/api.w.org\/{rel}","templated":true}]}}