{"id":4178,"date":"2022-04-17T12:12:15","date_gmt":"2022-04-17T12:12:15","guid":{"rendered":"https:\/\/elements.hr\/shop\/?post_type=product&#038;p=4178"},"modified":"2022-12-11T14:20:39","modified_gmt":"2022-12-11T14:20:39","slug":"adobe-xd","status":"publish","type":"product","link":"https:\/\/elements.hr\/shop\/proizvod\/adobe-xd\/","title":{"rendered":"Adobe XD"},"content":{"rendered":"<h1>Adobe XD<\/h1>\n<p>Prije\u0111ite s koncepta na prototip br\u017ee pomo\u0107u Adobe XD, sveobuhvatno UX\/UI rje\u0161enje za izradu web stranica, mobilnih aplikacija i jo\u0161 mnogo toga. S glatkom, sna\u017enom izvedbom lako je stvoriti korisni\u010dka iskustva koja funkcioniraju i izgledaju izvrsno na bilo kojem zaslonu.<\/p>\n<p><strong>Stvoren za dizajn dana\u0161njice.<\/strong>\u00a0Adobe XD je zami\u0161ljen kako bi zadovoljio potrebe dana\u0161njihUX\/UI dizajnera, uz intuitivne alate koji pru\u017eaju savr\u0161enu preciznost i performanse, te \u010dine svakodnevne zadatke jednostavnijima. Koristite zna\u010dajke koje \u0107e vam znatno u\u0161tediti vrijeme \u2013 poput Repeat Grid opcije i fleksibilnih alata pomo\u0107u kojih mo\u017eete stvoriti sve \u2013 od grubih nacrta, do potpuno interaktivnih prototipova za bilo koji zaslon u nekoliko minuta.<\/p>\n<p><strong>Dizajnirajte, izradite prototip, podijelite \u2013 sve uz XD.\u00a0<\/strong>Prebacite se sa stati\u010dnih predlo\u017eaka na interaktivni prototip u jednom kliku. Mijenjajte dizajn i automatski pogledajte izmijenjeni prototip \u2013 bez potrebe za sinkronizacijom. Pregledajte prototip, \u010dak i na iOS i Android ure\u0111ajima, a zatim ih lako podijelite sa svojim timom.<\/p>\n<p><strong>Napomena:<\/strong> Licenca Adobe softvera namijenjena je za jednog korisnika unutar tvrtke, te je potrebno kupiti onoliko licenci koliko je korisnika. Licenca se mo\u017ee instalirati na do dva ra\u010dunala istog korisnika, ali se ne smije koristiti istovremeno.<\/p>\n","protected":false},"excerpt":{"rendered":"<p>Adobe XD Prije\u0111ite s koncepta na prototip br\u017ee pomo\u0107u Adobe XD, sveobuhvatno UX\/UI rje\u0161enje za izradu web stranica, mobilnih aplikacija i jo\u0161 mnogo toga. S glatkom, sna\u017enom izvedbom lako je stvoriti korisni\u010dka iskustva koja funkcioniraju i izgledaju izvrsno na bilo kojem zaslonu. Stvoren za dizajn dana\u0161njice.\u00a0Adobe XD je zami\u0161ljen kako bi zadovoljio potrebe dana\u0161njihUX\/UI dizajnera, [&hellip;]<\/p>\n","protected":false},"featured_media":4355,"template":"","meta":[],"product_cat":[32,20],"product_tag":[],"class_list":["post-4178","product","type-product","status-publish","has-post-thumbnail","hentry","product_cat-adobe-design","product_cat-adobe"],"yoast_head":"<!-- This site is optimized with the Yoast SEO plugin v18.6 - https:\/\/yoast.com\/wordpress\/plugins\/seo\/ -->\n<title>Adobe XD - Elements Digital Shop<\/title>\n<meta name=\"description\" content=\"Prije\u0111ite s koncepta na prototip br\u017ee pomo\u0107u Adobe XD - sveobuhvatnog UX\/UI rje\u0161enja za izradu web stranica, aplikacija i jo\u0161 mnogo toga.\" \/>\n<meta name=\"robots\" content=\"index, follow, max-snippet:-1, max-image-preview:large, max-video-preview:-1\" \/>\n<link rel=\"canonical\" href=\"https:\/\/elements.hr\/shop\/proizvod\/adobe-xd\/\" \/>\n<meta property=\"og:locale\" content=\"hr_HR\" \/>\n<meta property=\"og:type\" content=\"article\" \/>\n<meta property=\"og:title\" content=\"Adobe XD - Elements Digital Shop\" \/>\n<meta property=\"og:description\" content=\"Prije\u0111ite s koncepta na prototip br\u017ee pomo\u0107u Adobe XD - sveobuhvatnog UX\/UI rje\u0161enja za izradu web stranica, aplikacija i jo\u0161 mnogo toga.\" \/>\n<meta property=\"og:url\" content=\"https:\/\/elements.hr\/shop\/proizvod\/adobe-xd\/\" \/>\n<meta property=\"og:site_name\" content=\"Elements Digital Shop\" \/>\n<meta property=\"article:modified_time\" content=\"2022-12-11T14:20:39+00:00\" \/>\n<meta property=\"og:image\" content=\"https:\/\/elements.hr\/shop\/wp-content\/uploads\/2022\/12\/adobe-2023-xd.png\" \/>\n\t<meta property=\"og:image:width\" content=\"500\" \/>\n\t<meta property=\"og:image:height\" content=\"500\" \/>\n\t<meta property=\"og:image:type\" content=\"image\/png\" \/>\n<meta name=\"twitter:card\" content=\"summary_large_image\" \/>\n<meta name=\"twitter:label1\" content=\"Procijenjeno vrijeme \u010ditanja\" \/>\n\t<meta name=\"twitter:data1\" content=\"1 minuta\" \/>\n<script type=\"application\/ld+json\" class=\"yoast-schema-graph\">{\"@context\":\"https:\/\/schema.org\",\"@graph\":[{\"@type\":\"Organization\",\"@id\":\"https:\/\/elements.hr\/shop\/#organization\",\"name\":\"Elements Digital d.o.o.\",\"url\":\"https:\/\/elements.hr\/shop\/\",\"sameAs\":[],\"logo\":{\"@type\":\"ImageObject\",\"@id\":\"https:\/\/elements.hr\/shop\/#logo\",\"inLanguage\":\"hr\",\"url\":\"https:\/\/elements.hr\/shop\/wp-content\/uploads\/2022\/04\/logo-header.png\",\"contentUrl\":\"https:\/\/elements.hr\/shop\/wp-content\/uploads\/2022\/04\/logo-header.png\",\"width\":1241,\"height\":295,\"caption\":\"Elements Digital d.o.o.\"},\"image\":{\"@id\":\"https:\/\/elements.hr\/shop\/#logo\"}},{\"@type\":\"WebSite\",\"@id\":\"https:\/\/elements.hr\/shop\/#website\",\"url\":\"https:\/\/elements.hr\/shop\/\",\"name\":\"Elements Digital Shop\",\"description\":\"Elements Digital Shop\",\"publisher\":{\"@id\":\"https:\/\/elements.hr\/shop\/#organization\"},\"potentialAction\":[{\"@type\":\"SearchAction\",\"target\":{\"@type\":\"EntryPoint\",\"urlTemplate\":\"https:\/\/elements.hr\/shop\/?s={search_term_string}\"},\"query-input\":\"required name=search_term_string\"}],\"inLanguage\":\"hr\"},{\"@type\":\"ImageObject\",\"@id\":\"https:\/\/elements.hr\/shop\/proizvod\/adobe-xd\/#primaryimage\",\"inLanguage\":\"hr\",\"url\":\"https:\/\/elements.hr\/shop\/wp-content\/uploads\/2022\/12\/adobe-2023-xd.png\",\"contentUrl\":\"https:\/\/elements.hr\/shop\/wp-content\/uploads\/2022\/12\/adobe-2023-xd.png\",\"width\":500,\"height\":500},{\"@type\":\"WebPage\",\"@id\":\"https:\/\/elements.hr\/shop\/proizvod\/adobe-xd\/#webpage\",\"url\":\"https:\/\/elements.hr\/shop\/proizvod\/adobe-xd\/\",\"name\":\"Adobe XD - Elements Digital Shop\",\"isPartOf\":{\"@id\":\"https:\/\/elements.hr\/shop\/#website\"},\"primaryImageOfPage\":{\"@id\":\"https:\/\/elements.hr\/shop\/proizvod\/adobe-xd\/#primaryimage\"},\"datePublished\":\"2022-04-17T12:12:15+00:00\",\"dateModified\":\"2022-12-11T14:20:39+00:00\",\"description\":\"Prije\u0111ite s koncepta na prototip br\u017ee pomo\u0107u Adobe XD - sveobuhvatnog UX\/UI rje\u0161enja za izradu web stranica, aplikacija i jo\u0161 mnogo toga.\",\"breadcrumb\":{\"@id\":\"https:\/\/elements.hr\/shop\/proizvod\/adobe-xd\/#breadcrumb\"},\"inLanguage\":\"hr\",\"potentialAction\":[{\"@type\":\"ReadAction\",\"target\":[\"https:\/\/elements.hr\/shop\/proizvod\/adobe-xd\/\"]}]},{\"@type\":\"BreadcrumbList\",\"@id\":\"https:\/\/elements.hr\/shop\/proizvod\/adobe-xd\/#breadcrumb\",\"itemListElement\":[{\"@type\":\"ListItem\",\"position\":1,\"name\":\"Home\",\"item\":\"https:\/\/elements.hr\/shop\/\"},{\"@type\":\"ListItem\",\"position\":2,\"name\":\"Shop\",\"item\":\"https:\/\/elements.hr\/shop\/shop\/\"},{\"@type\":\"ListItem\",\"position\":3,\"name\":\"Adobe XD\"}]}]}<\/script>\n<!-- \/ Yoast SEO plugin. -->","yoast_head_json":{"title":"Adobe XD - Elements Digital Shop","description":"Prije\u0111ite s koncepta na prototip br\u017ee pomo\u0107u Adobe XD - sveobuhvatnog UX\/UI rje\u0161enja za izradu web stranica, aplikacija i jo\u0161 mnogo toga.","robots":{"index":"index","follow":"follow","max-snippet":"max-snippet:-1","max-image-preview":"max-image-preview:large","max-video-preview":"max-video-preview:-1"},"canonical":"https:\/\/elements.hr\/shop\/proizvod\/adobe-xd\/","og_locale":"hr_HR","og_type":"article","og_title":"Adobe XD - Elements Digital Shop","og_description":"Prije\u0111ite s koncepta na prototip br\u017ee pomo\u0107u Adobe XD - sveobuhvatnog UX\/UI rje\u0161enja za izradu web stranica, aplikacija i jo\u0161 mnogo toga.","og_url":"https:\/\/elements.hr\/shop\/proizvod\/adobe-xd\/","og_site_name":"Elements Digital Shop","article_modified_time":"2022-12-11T14:20:39+00:00","og_image":[{"width":500,"height":500,"url":"https:\/\/elements.hr\/shop\/wp-content\/uploads\/2022\/12\/adobe-2023-xd.png","type":"image\/png"}],"twitter_card":"summary_large_image","twitter_misc":{"Procijenjeno vrijeme \u010ditanja":"1 minuta"},"schema":{"@context":"https:\/\/schema.org","@graph":[{"@type":"Organization","@id":"https:\/\/elements.hr\/shop\/#organization","name":"Elements Digital d.o.o.","url":"https:\/\/elements.hr\/shop\/","sameAs":[],"logo":{"@type":"ImageObject","@id":"https:\/\/elements.hr\/shop\/#logo","inLanguage":"hr","url":"https:\/\/elements.hr\/shop\/wp-content\/uploads\/2022\/04\/logo-header.png","contentUrl":"https:\/\/elements.hr\/shop\/wp-content\/uploads\/2022\/04\/logo-header.png","width":1241,"height":295,"caption":"Elements Digital d.o.o."},"image":{"@id":"https:\/\/elements.hr\/shop\/#logo"}},{"@type":"WebSite","@id":"https:\/\/elements.hr\/shop\/#website","url":"https:\/\/elements.hr\/shop\/","name":"Elements Digital Shop","description":"Elements Digital Shop","publisher":{"@id":"https:\/\/elements.hr\/shop\/#organization"},"potentialAction":[{"@type":"SearchAction","target":{"@type":"EntryPoint","urlTemplate":"https:\/\/elements.hr\/shop\/?s={search_term_string}"},"query-input":"required name=search_term_string"}],"inLanguage":"hr"},{"@type":"ImageObject","@id":"https:\/\/elements.hr\/shop\/proizvod\/adobe-xd\/#primaryimage","inLanguage":"hr","url":"https:\/\/elements.hr\/shop\/wp-content\/uploads\/2022\/12\/adobe-2023-xd.png","contentUrl":"https:\/\/elements.hr\/shop\/wp-content\/uploads\/2022\/12\/adobe-2023-xd.png","width":500,"height":500},{"@type":"WebPage","@id":"https:\/\/elements.hr\/shop\/proizvod\/adobe-xd\/#webpage","url":"https:\/\/elements.hr\/shop\/proizvod\/adobe-xd\/","name":"Adobe XD - Elements Digital Shop","isPartOf":{"@id":"https:\/\/elements.hr\/shop\/#website"},"primaryImageOfPage":{"@id":"https:\/\/elements.hr\/shop\/proizvod\/adobe-xd\/#primaryimage"},"datePublished":"2022-04-17T12:12:15+00:00","dateModified":"2022-12-11T14:20:39+00:00","description":"Prije\u0111ite s koncepta na prototip br\u017ee pomo\u0107u Adobe XD - sveobuhvatnog UX\/UI rje\u0161enja za izradu web stranica, aplikacija i jo\u0161 mnogo toga.","breadcrumb":{"@id":"https:\/\/elements.hr\/shop\/proizvod\/adobe-xd\/#breadcrumb"},"inLanguage":"hr","potentialAction":[{"@type":"ReadAction","target":["https:\/\/elements.hr\/shop\/proizvod\/adobe-xd\/"]}]},{"@type":"BreadcrumbList","@id":"https:\/\/elements.hr\/shop\/proizvod\/adobe-xd\/#breadcrumb","itemListElement":[{"@type":"ListItem","position":1,"name":"Home","item":"https:\/\/elements.hr\/shop\/"},{"@type":"ListItem","position":2,"name":"Shop","item":"https:\/\/elements.hr\/shop\/shop\/"},{"@type":"ListItem","position":3,"name":"Adobe XD"}]}]}},"_links":{"self":[{"href":"https:\/\/elements.hr\/shop\/wp-json\/wp\/v2\/product\/4178","targetHints":{"allow":["GET"]}}],"collection":[{"href":"https:\/\/elements.hr\/shop\/wp-json\/wp\/v2\/product"}],"about":[{"href":"https:\/\/elements.hr\/shop\/wp-json\/wp\/v2\/types\/product"}],"wp:featuredmedia":[{"embeddable":true,"href":"https:\/\/elements.hr\/shop\/wp-json\/wp\/v2\/media\/4355"}],"wp:attachment":[{"href":"https:\/\/elements.hr\/shop\/wp-json\/wp\/v2\/media?parent=4178"}],"wp:term":[{"taxonomy":"product_cat","embeddable":true,"href":"https:\/\/elements.hr\/shop\/wp-json\/wp\/v2\/product_cat?post=4178"},{"taxonomy":"product_tag","embeddable":true,"href":"https:\/\/elements.hr\/shop\/wp-json\/wp\/v2\/product_tag?post=4178"}],"curies":[{"name":"wp","href":"https:\/\/api.w.org\/{rel}","templated":true}]}}