{"id":4180,"date":"2022-04-17T12:13:29","date_gmt":"2022-04-17T12:13:29","guid":{"rendered":"https:\/\/elements.hr\/shop\/?post_type=product&#038;p=4180"},"modified":"2023-11-04T06:44:08","modified_gmt":"2023-11-04T06:44:08","slug":"adobe-creative-cloud-all-apps-adobe-stock","status":"publish","type":"product","link":"https:\/\/elements.hr\/shop\/proizvod\/adobe-creative-cloud-all-apps-adobe-stock\/","title":{"rendered":"Adobe Creative Cloud All Apps + Adobe Stock"},"content":{"rendered":"<p>Creative Cloud za tvrtke poslovnim subjektima pru\u017ea sve \u0161to im je potrebno za dizajniranje izvrsnih korisni\u010dkih do\u017eivljaja na bilo kojem ure\u0111aju. U\u010dinkovito stvarajte i sura\u0111ujte uz povezane ra\u010dunalne programe i mobilne aplikacije te servise u oblaku.<\/p>\n<p>Nabavite najnovije verzije ra\u010dunalnih programa za kreativce koje nudi Adobe \u2013 uklju\u010duju\u0107i Photoshop CC, Illustrator CC, InDesign CC \u2013 kao i mobilne aplikacije u kojima mo\u017eete stvarati gdje god se nalazili. Sve je povezano sa zna\u010dajkom CreativeSync, pa najnovije datoteke i resurse mo\u017eete otvoriti na bilo kojem ure\u0111aju.<\/p>\n<p>Uz ovaj model pretplate ostvarujete i mogu\u0107nost preuzimanja <strong>10 slika mjese\u010dno<\/strong> sa Adobe Stock portala.<\/p>\n","protected":false},"excerpt":{"rendered":"<p>Creative Cloud za tvrtke poslovnim subjektima pru\u017ea sve \u0161to im je potrebno za dizajniranje izvrsnih korisni\u010dkih do\u017eivljaja na bilo kojem ure\u0111aju. U\u010dinkovito stvarajte i sura\u0111ujte uz povezane ra\u010dunalne programe i mobilne aplikacije te servise u oblaku. Nabavite najnovije verzije ra\u010dunalnih programa za kreativce koje nudi Adobe \u2013 uklju\u010duju\u0107i Photoshop CC, Illustrator CC, InDesign CC \u2013 [&hellip;]<\/p>\n","protected":false},"featured_media":4363,"template":"","meta":[],"product_cat":[31,20],"product_tag":[],"class_list":["post-4180","product","type-product","status-publish","has-post-thumbnail","hentry","product_cat-adobe-stock","product_cat-adobe"],"yoast_head":"<!-- This site is optimized with the Yoast SEO plugin v18.6 - https:\/\/yoast.com\/wordpress\/plugins\/seo\/ -->\n<title>Adobe Creative Cloud All Apps + Adobe Stock - Elements Digital Shop<\/title>\n<meta name=\"robots\" content=\"index, follow, max-snippet:-1, max-image-preview:large, max-video-preview:-1\" \/>\n<link rel=\"canonical\" href=\"https:\/\/elements.hr\/shop\/proizvod\/adobe-creative-cloud-all-apps-adobe-stock\/\" \/>\n<meta property=\"og:locale\" content=\"hr_HR\" \/>\n<meta property=\"og:type\" content=\"article\" \/>\n<meta property=\"og:title\" content=\"Adobe Creative Cloud All Apps + Adobe Stock - Elements Digital Shop\" \/>\n<meta property=\"og:description\" content=\"Creative Cloud za tvrtke poslovnim subjektima pru\u017ea sve \u0161to im je potrebno za dizajniranje izvrsnih korisni\u010dkih do\u017eivljaja na bilo kojem ure\u0111aju. U\u010dinkovito stvarajte i sura\u0111ujte uz povezane ra\u010dunalne programe i mobilne aplikacije te servise u oblaku. Nabavite najnovije verzije ra\u010dunalnih programa za kreativce koje nudi Adobe \u2013 uklju\u010duju\u0107i Photoshop CC, Illustrator CC, InDesign CC \u2013 [&hellip;]\" \/>\n<meta property=\"og:url\" content=\"https:\/\/elements.hr\/shop\/proizvod\/adobe-creative-cloud-all-apps-adobe-stock\/\" \/>\n<meta property=\"og:site_name\" content=\"Elements Digital Shop\" \/>\n<meta property=\"article:modified_time\" content=\"2023-11-04T06:44:08+00:00\" \/>\n<meta property=\"og:image\" content=\"https:\/\/elements.hr\/shop\/wp-content\/uploads\/2022\/04\/creative-cloud-stock-2023.png\" \/>\n\t<meta property=\"og:image:width\" content=\"500\" \/>\n\t<meta property=\"og:image:height\" content=\"500\" \/>\n\t<meta property=\"og:image:type\" content=\"image\/png\" \/>\n<meta name=\"twitter:card\" content=\"summary_large_image\" \/>\n<meta name=\"twitter:label1\" content=\"Procijenjeno vrijeme \u010ditanja\" \/>\n\t<meta name=\"twitter:data1\" content=\"1 minuta\" \/>\n<script type=\"application\/ld+json\" class=\"yoast-schema-graph\">{\"@context\":\"https:\/\/schema.org\",\"@graph\":[{\"@type\":\"Organization\",\"@id\":\"https:\/\/elements.hr\/shop\/#organization\",\"name\":\"Elements Digital d.o.o.\",\"url\":\"https:\/\/elements.hr\/shop\/\",\"sameAs\":[],\"logo\":{\"@type\":\"ImageObject\",\"@id\":\"https:\/\/elements.hr\/shop\/#logo\",\"inLanguage\":\"hr\",\"url\":\"https:\/\/elements.hr\/shop\/wp-content\/uploads\/2022\/04\/logo-header.png\",\"contentUrl\":\"https:\/\/elements.hr\/shop\/wp-content\/uploads\/2022\/04\/logo-header.png\",\"width\":1241,\"height\":295,\"caption\":\"Elements Digital d.o.o.\"},\"image\":{\"@id\":\"https:\/\/elements.hr\/shop\/#logo\"}},{\"@type\":\"WebSite\",\"@id\":\"https:\/\/elements.hr\/shop\/#website\",\"url\":\"https:\/\/elements.hr\/shop\/\",\"name\":\"Elements Digital Shop\",\"description\":\"Elements Digital Shop\",\"publisher\":{\"@id\":\"https:\/\/elements.hr\/shop\/#organization\"},\"potentialAction\":[{\"@type\":\"SearchAction\",\"target\":{\"@type\":\"EntryPoint\",\"urlTemplate\":\"https:\/\/elements.hr\/shop\/?s={search_term_string}\"},\"query-input\":\"required name=search_term_string\"}],\"inLanguage\":\"hr\"},{\"@type\":\"ImageObject\",\"@id\":\"https:\/\/elements.hr\/shop\/proizvod\/adobe-creative-cloud-all-apps-adobe-stock\/#primaryimage\",\"inLanguage\":\"hr\",\"url\":\"https:\/\/elements.hr\/shop\/wp-content\/uploads\/2022\/04\/creative-cloud-stock-2023.png\",\"contentUrl\":\"https:\/\/elements.hr\/shop\/wp-content\/uploads\/2022\/04\/creative-cloud-stock-2023.png\",\"width\":500,\"height\":500},{\"@type\":\"WebPage\",\"@id\":\"https:\/\/elements.hr\/shop\/proizvod\/adobe-creative-cloud-all-apps-adobe-stock\/#webpage\",\"url\":\"https:\/\/elements.hr\/shop\/proizvod\/adobe-creative-cloud-all-apps-adobe-stock\/\",\"name\":\"Adobe Creative Cloud All Apps + Adobe Stock - Elements Digital Shop\",\"isPartOf\":{\"@id\":\"https:\/\/elements.hr\/shop\/#website\"},\"primaryImageOfPage\":{\"@id\":\"https:\/\/elements.hr\/shop\/proizvod\/adobe-creative-cloud-all-apps-adobe-stock\/#primaryimage\"},\"datePublished\":\"2022-04-17T12:13:29+00:00\",\"dateModified\":\"2023-11-04T06:44:08+00:00\",\"breadcrumb\":{\"@id\":\"https:\/\/elements.hr\/shop\/proizvod\/adobe-creative-cloud-all-apps-adobe-stock\/#breadcrumb\"},\"inLanguage\":\"hr\",\"potentialAction\":[{\"@type\":\"ReadAction\",\"target\":[\"https:\/\/elements.hr\/shop\/proizvod\/adobe-creative-cloud-all-apps-adobe-stock\/\"]}]},{\"@type\":\"BreadcrumbList\",\"@id\":\"https:\/\/elements.hr\/shop\/proizvod\/adobe-creative-cloud-all-apps-adobe-stock\/#breadcrumb\",\"itemListElement\":[{\"@type\":\"ListItem\",\"position\":1,\"name\":\"Home\",\"item\":\"https:\/\/elements.hr\/shop\/\"},{\"@type\":\"ListItem\",\"position\":2,\"name\":\"Shop\",\"item\":\"https:\/\/elements.hr\/shop\/shop\/\"},{\"@type\":\"ListItem\",\"position\":3,\"name\":\"Adobe Creative Cloud All Apps + Adobe Stock\"}]}]}<\/script>\n<!-- \/ Yoast SEO plugin. -->","yoast_head_json":{"title":"Adobe Creative Cloud All Apps + Adobe Stock - Elements Digital Shop","robots":{"index":"index","follow":"follow","max-snippet":"max-snippet:-1","max-image-preview":"max-image-preview:large","max-video-preview":"max-video-preview:-1"},"canonical":"https:\/\/elements.hr\/shop\/proizvod\/adobe-creative-cloud-all-apps-adobe-stock\/","og_locale":"hr_HR","og_type":"article","og_title":"Adobe Creative Cloud All Apps + Adobe Stock - Elements Digital Shop","og_description":"Creative Cloud za tvrtke poslovnim subjektima pru\u017ea sve \u0161to im je potrebno za dizajniranje izvrsnih korisni\u010dkih do\u017eivljaja na bilo kojem ure\u0111aju. U\u010dinkovito stvarajte i sura\u0111ujte uz povezane ra\u010dunalne programe i mobilne aplikacije te servise u oblaku. Nabavite najnovije verzije ra\u010dunalnih programa za kreativce koje nudi Adobe \u2013 uklju\u010duju\u0107i Photoshop CC, Illustrator CC, InDesign CC \u2013 [&hellip;]","og_url":"https:\/\/elements.hr\/shop\/proizvod\/adobe-creative-cloud-all-apps-adobe-stock\/","og_site_name":"Elements Digital Shop","article_modified_time":"2023-11-04T06:44:08+00:00","og_image":[{"width":500,"height":500,"url":"https:\/\/elements.hr\/shop\/wp-content\/uploads\/2022\/04\/creative-cloud-stock-2023.png","type":"image\/png"}],"twitter_card":"summary_large_image","twitter_misc":{"Procijenjeno vrijeme \u010ditanja":"1 minuta"},"schema":{"@context":"https:\/\/schema.org","@graph":[{"@type":"Organization","@id":"https:\/\/elements.hr\/shop\/#organization","name":"Elements Digital d.o.o.","url":"https:\/\/elements.hr\/shop\/","sameAs":[],"logo":{"@type":"ImageObject","@id":"https:\/\/elements.hr\/shop\/#logo","inLanguage":"hr","url":"https:\/\/elements.hr\/shop\/wp-content\/uploads\/2022\/04\/logo-header.png","contentUrl":"https:\/\/elements.hr\/shop\/wp-content\/uploads\/2022\/04\/logo-header.png","width":1241,"height":295,"caption":"Elements Digital d.o.o."},"image":{"@id":"https:\/\/elements.hr\/shop\/#logo"}},{"@type":"WebSite","@id":"https:\/\/elements.hr\/shop\/#website","url":"https:\/\/elements.hr\/shop\/","name":"Elements Digital Shop","description":"Elements Digital Shop","publisher":{"@id":"https:\/\/elements.hr\/shop\/#organization"},"potentialAction":[{"@type":"SearchAction","target":{"@type":"EntryPoint","urlTemplate":"https:\/\/elements.hr\/shop\/?s={search_term_string}"},"query-input":"required name=search_term_string"}],"inLanguage":"hr"},{"@type":"ImageObject","@id":"https:\/\/elements.hr\/shop\/proizvod\/adobe-creative-cloud-all-apps-adobe-stock\/#primaryimage","inLanguage":"hr","url":"https:\/\/elements.hr\/shop\/wp-content\/uploads\/2022\/04\/creative-cloud-stock-2023.png","contentUrl":"https:\/\/elements.hr\/shop\/wp-content\/uploads\/2022\/04\/creative-cloud-stock-2023.png","width":500,"height":500},{"@type":"WebPage","@id":"https:\/\/elements.hr\/shop\/proizvod\/adobe-creative-cloud-all-apps-adobe-stock\/#webpage","url":"https:\/\/elements.hr\/shop\/proizvod\/adobe-creative-cloud-all-apps-adobe-stock\/","name":"Adobe Creative Cloud All Apps + Adobe Stock - Elements Digital Shop","isPartOf":{"@id":"https:\/\/elements.hr\/shop\/#website"},"primaryImageOfPage":{"@id":"https:\/\/elements.hr\/shop\/proizvod\/adobe-creative-cloud-all-apps-adobe-stock\/#primaryimage"},"datePublished":"2022-04-17T12:13:29+00:00","dateModified":"2023-11-04T06:44:08+00:00","breadcrumb":{"@id":"https:\/\/elements.hr\/shop\/proizvod\/adobe-creative-cloud-all-apps-adobe-stock\/#breadcrumb"},"inLanguage":"hr","potentialAction":[{"@type":"ReadAction","target":["https:\/\/elements.hr\/shop\/proizvod\/adobe-creative-cloud-all-apps-adobe-stock\/"]}]},{"@type":"BreadcrumbList","@id":"https:\/\/elements.hr\/shop\/proizvod\/adobe-creative-cloud-all-apps-adobe-stock\/#breadcrumb","itemListElement":[{"@type":"ListItem","position":1,"name":"Home","item":"https:\/\/elements.hr\/shop\/"},{"@type":"ListItem","position":2,"name":"Shop","item":"https:\/\/elements.hr\/shop\/shop\/"},{"@type":"ListItem","position":3,"name":"Adobe Creative Cloud All Apps + Adobe Stock"}]}]}},"_links":{"self":[{"href":"https:\/\/elements.hr\/shop\/wp-json\/wp\/v2\/product\/4180","targetHints":{"allow":["GET"]}}],"collection":[{"href":"https:\/\/elements.hr\/shop\/wp-json\/wp\/v2\/product"}],"about":[{"href":"https:\/\/elements.hr\/shop\/wp-json\/wp\/v2\/types\/product"}],"wp:featuredmedia":[{"embeddable":true,"href":"https:\/\/elements.hr\/shop\/wp-json\/wp\/v2\/media\/4363"}],"wp:attachment":[{"href":"https:\/\/elements.hr\/shop\/wp-json\/wp\/v2\/media?parent=4180"}],"wp:term":[{"taxonomy":"product_cat","embeddable":true,"href":"https:\/\/elements.hr\/shop\/wp-json\/wp\/v2\/product_cat?post=4180"},{"taxonomy":"product_tag","embeddable":true,"href":"https:\/\/elements.hr\/shop\/wp-json\/wp\/v2\/product_tag?post=4180"}],"curies":[{"name":"wp","href":"https:\/\/api.w.org\/{rel}","templated":true}]}}