{"id":4189,"date":"2022-04-18T05:42:34","date_gmt":"2022-04-18T05:42:34","guid":{"rendered":"https:\/\/elements.hr\/shop\/?post_type=product&#038;p=4189"},"modified":"2023-01-30T15:30:06","modified_gmt":"2023-01-30T15:30:06","slug":"stock-credit-pack","status":"publish","type":"product","link":"https:\/\/elements.hr\/shop\/proizvod\/stock-credit-pack\/","title":{"rendered":"Stock Credit Pack"},"content":{"rendered":"<h1>Stock Credit Pack<\/h1>\n<p>Pretra\u017eujte u Adobe Stock milijune besplatnih slika, fotografija, grafika, vektora, video zapisa, ilustracija, predlo\u017eaka i 3D sredstava kako biste pobolj\u0161ali svoj sljede\u0107i kreativni projekt. Novi sadr\u017eaji se dodaju svakodnevno.<\/p>\n<p>Ako morate \u010dekati slijede\u0107i mjesec kako bi ponovno mogli preuzimati nove fotografije ili ilustracije, a nemate vremena, mogu\u0107e je nadoplatiti za dodatne sadr\u017eaje.<\/p>\n<p>5 dodatnih po cijeni<\/p>\n<p>16 dodatnih po cijeni<\/p>\n<p>40 dodatnih po cijeni<\/p>\n<p>80 dodatnih po cijeni<\/p>\n<p>150 dodatnih po cijeni<\/p>\n<p>500 dodatnih po cijeni<\/p>\n","protected":false},"excerpt":{"rendered":"<p>Stock Credit Pack Pretra\u017eujte u Adobe Stock milijune besplatnih slika, fotografija, grafika, vektora, video zapisa, ilustracija, predlo\u017eaka i 3D sredstava kako biste pobolj\u0161ali svoj sljede\u0107i kreativni projekt. Novi sadr\u017eaji se dodaju svakodnevno. Ako morate \u010dekati slijede\u0107i mjesec kako bi ponovno mogli preuzimati nove fotografije ili ilustracije, a nemate vremena, mogu\u0107e je nadoplatiti za dodatne sadr\u017eaje. [&hellip;]<\/p>\n","protected":false},"featured_media":4356,"template":"","meta":[],"product_cat":[31,20],"product_tag":[],"class_list":["post-4189","product","type-product","status-publish","has-post-thumbnail","hentry","product_cat-adobe-stock","product_cat-adobe"],"yoast_head":"<!-- This site is optimized with the Yoast SEO plugin v18.6 - https:\/\/yoast.com\/wordpress\/plugins\/seo\/ -->\n<title>Stock Credit Pack - Elements Digital Shop<\/title>\n<meta name=\"robots\" content=\"index, follow, max-snippet:-1, max-image-preview:large, max-video-preview:-1\" \/>\n<link rel=\"canonical\" href=\"https:\/\/elements.hr\/shop\/proizvod\/stock-credit-pack\/\" \/>\n<meta property=\"og:locale\" content=\"hr_HR\" \/>\n<meta property=\"og:type\" content=\"article\" \/>\n<meta property=\"og:title\" content=\"Stock Credit Pack - Elements Digital Shop\" \/>\n<meta property=\"og:description\" content=\"Stock Credit Pack Pretra\u017eujte u Adobe Stock milijune besplatnih slika, fotografija, grafika, vektora, video zapisa, ilustracija, predlo\u017eaka i 3D sredstava kako biste pobolj\u0161ali svoj sljede\u0107i kreativni projekt. Novi sadr\u017eaji se dodaju svakodnevno. Ako morate \u010dekati slijede\u0107i mjesec kako bi ponovno mogli preuzimati nove fotografije ili ilustracije, a nemate vremena, mogu\u0107e je nadoplatiti za dodatne sadr\u017eaje. [&hellip;]\" \/>\n<meta property=\"og:url\" content=\"https:\/\/elements.hr\/shop\/proizvod\/stock-credit-pack\/\" \/>\n<meta property=\"og:site_name\" content=\"Elements Digital Shop\" \/>\n<meta property=\"article:modified_time\" content=\"2023-01-30T15:30:06+00:00\" \/>\n<meta property=\"og:image\" content=\"https:\/\/elements.hr\/shop\/wp-content\/uploads\/2022\/12\/adobe-2023-stock.png\" \/>\n\t<meta property=\"og:image:width\" content=\"500\" \/>\n\t<meta property=\"og:image:height\" content=\"500\" \/>\n\t<meta property=\"og:image:type\" content=\"image\/png\" \/>\n<meta name=\"twitter:card\" content=\"summary_large_image\" \/>\n<meta name=\"twitter:label1\" content=\"Procijenjeno vrijeme \u010ditanja\" \/>\n\t<meta name=\"twitter:data1\" content=\"1 minuta\" \/>\n<script type=\"application\/ld+json\" class=\"yoast-schema-graph\">{\"@context\":\"https:\/\/schema.org\",\"@graph\":[{\"@type\":\"Organization\",\"@id\":\"https:\/\/elements.hr\/shop\/#organization\",\"name\":\"Elements Digital d.o.o.\",\"url\":\"https:\/\/elements.hr\/shop\/\",\"sameAs\":[],\"logo\":{\"@type\":\"ImageObject\",\"@id\":\"https:\/\/elements.hr\/shop\/#logo\",\"inLanguage\":\"hr\",\"url\":\"https:\/\/elements.hr\/shop\/wp-content\/uploads\/2022\/04\/logo-header.png\",\"contentUrl\":\"https:\/\/elements.hr\/shop\/wp-content\/uploads\/2022\/04\/logo-header.png\",\"width\":1241,\"height\":295,\"caption\":\"Elements Digital d.o.o.\"},\"image\":{\"@id\":\"https:\/\/elements.hr\/shop\/#logo\"}},{\"@type\":\"WebSite\",\"@id\":\"https:\/\/elements.hr\/shop\/#website\",\"url\":\"https:\/\/elements.hr\/shop\/\",\"name\":\"Elements Digital Shop\",\"description\":\"Elements Digital Shop\",\"publisher\":{\"@id\":\"https:\/\/elements.hr\/shop\/#organization\"},\"potentialAction\":[{\"@type\":\"SearchAction\",\"target\":{\"@type\":\"EntryPoint\",\"urlTemplate\":\"https:\/\/elements.hr\/shop\/?s={search_term_string}\"},\"query-input\":\"required name=search_term_string\"}],\"inLanguage\":\"hr\"},{\"@type\":\"ImageObject\",\"@id\":\"https:\/\/elements.hr\/shop\/proizvod\/stock-credit-pack\/#primaryimage\",\"inLanguage\":\"hr\",\"url\":\"https:\/\/elements.hr\/shop\/wp-content\/uploads\/2022\/12\/adobe-2023-stock.png\",\"contentUrl\":\"https:\/\/elements.hr\/shop\/wp-content\/uploads\/2022\/12\/adobe-2023-stock.png\",\"width\":500,\"height\":500},{\"@type\":\"WebPage\",\"@id\":\"https:\/\/elements.hr\/shop\/proizvod\/stock-credit-pack\/#webpage\",\"url\":\"https:\/\/elements.hr\/shop\/proizvod\/stock-credit-pack\/\",\"name\":\"Stock Credit Pack - Elements Digital Shop\",\"isPartOf\":{\"@id\":\"https:\/\/elements.hr\/shop\/#website\"},\"primaryImageOfPage\":{\"@id\":\"https:\/\/elements.hr\/shop\/proizvod\/stock-credit-pack\/#primaryimage\"},\"datePublished\":\"2022-04-18T05:42:34+00:00\",\"dateModified\":\"2023-01-30T15:30:06+00:00\",\"breadcrumb\":{\"@id\":\"https:\/\/elements.hr\/shop\/proizvod\/stock-credit-pack\/#breadcrumb\"},\"inLanguage\":\"hr\",\"potentialAction\":[{\"@type\":\"ReadAction\",\"target\":[\"https:\/\/elements.hr\/shop\/proizvod\/stock-credit-pack\/\"]}]},{\"@type\":\"BreadcrumbList\",\"@id\":\"https:\/\/elements.hr\/shop\/proizvod\/stock-credit-pack\/#breadcrumb\",\"itemListElement\":[{\"@type\":\"ListItem\",\"position\":1,\"name\":\"Home\",\"item\":\"https:\/\/elements.hr\/shop\/\"},{\"@type\":\"ListItem\",\"position\":2,\"name\":\"Shop\",\"item\":\"https:\/\/elements.hr\/shop\/shop\/\"},{\"@type\":\"ListItem\",\"position\":3,\"name\":\"Stock Credit Pack\"}]}]}<\/script>\n<!-- \/ Yoast SEO plugin. -->","yoast_head_json":{"title":"Stock Credit Pack - Elements Digital Shop","robots":{"index":"index","follow":"follow","max-snippet":"max-snippet:-1","max-image-preview":"max-image-preview:large","max-video-preview":"max-video-preview:-1"},"canonical":"https:\/\/elements.hr\/shop\/proizvod\/stock-credit-pack\/","og_locale":"hr_HR","og_type":"article","og_title":"Stock Credit Pack - Elements Digital Shop","og_description":"Stock Credit Pack Pretra\u017eujte u Adobe Stock milijune besplatnih slika, fotografija, grafika, vektora, video zapisa, ilustracija, predlo\u017eaka i 3D sredstava kako biste pobolj\u0161ali svoj sljede\u0107i kreativni projekt. Novi sadr\u017eaji se dodaju svakodnevno. Ako morate \u010dekati slijede\u0107i mjesec kako bi ponovno mogli preuzimati nove fotografije ili ilustracije, a nemate vremena, mogu\u0107e je nadoplatiti za dodatne sadr\u017eaje. [&hellip;]","og_url":"https:\/\/elements.hr\/shop\/proizvod\/stock-credit-pack\/","og_site_name":"Elements Digital Shop","article_modified_time":"2023-01-30T15:30:06+00:00","og_image":[{"width":500,"height":500,"url":"https:\/\/elements.hr\/shop\/wp-content\/uploads\/2022\/12\/adobe-2023-stock.png","type":"image\/png"}],"twitter_card":"summary_large_image","twitter_misc":{"Procijenjeno vrijeme \u010ditanja":"1 minuta"},"schema":{"@context":"https:\/\/schema.org","@graph":[{"@type":"Organization","@id":"https:\/\/elements.hr\/shop\/#organization","name":"Elements Digital d.o.o.","url":"https:\/\/elements.hr\/shop\/","sameAs":[],"logo":{"@type":"ImageObject","@id":"https:\/\/elements.hr\/shop\/#logo","inLanguage":"hr","url":"https:\/\/elements.hr\/shop\/wp-content\/uploads\/2022\/04\/logo-header.png","contentUrl":"https:\/\/elements.hr\/shop\/wp-content\/uploads\/2022\/04\/logo-header.png","width":1241,"height":295,"caption":"Elements Digital d.o.o."},"image":{"@id":"https:\/\/elements.hr\/shop\/#logo"}},{"@type":"WebSite","@id":"https:\/\/elements.hr\/shop\/#website","url":"https:\/\/elements.hr\/shop\/","name":"Elements Digital Shop","description":"Elements Digital Shop","publisher":{"@id":"https:\/\/elements.hr\/shop\/#organization"},"potentialAction":[{"@type":"SearchAction","target":{"@type":"EntryPoint","urlTemplate":"https:\/\/elements.hr\/shop\/?s={search_term_string}"},"query-input":"required name=search_term_string"}],"inLanguage":"hr"},{"@type":"ImageObject","@id":"https:\/\/elements.hr\/shop\/proizvod\/stock-credit-pack\/#primaryimage","inLanguage":"hr","url":"https:\/\/elements.hr\/shop\/wp-content\/uploads\/2022\/12\/adobe-2023-stock.png","contentUrl":"https:\/\/elements.hr\/shop\/wp-content\/uploads\/2022\/12\/adobe-2023-stock.png","width":500,"height":500},{"@type":"WebPage","@id":"https:\/\/elements.hr\/shop\/proizvod\/stock-credit-pack\/#webpage","url":"https:\/\/elements.hr\/shop\/proizvod\/stock-credit-pack\/","name":"Stock Credit Pack - Elements Digital Shop","isPartOf":{"@id":"https:\/\/elements.hr\/shop\/#website"},"primaryImageOfPage":{"@id":"https:\/\/elements.hr\/shop\/proizvod\/stock-credit-pack\/#primaryimage"},"datePublished":"2022-04-18T05:42:34+00:00","dateModified":"2023-01-30T15:30:06+00:00","breadcrumb":{"@id":"https:\/\/elements.hr\/shop\/proizvod\/stock-credit-pack\/#breadcrumb"},"inLanguage":"hr","potentialAction":[{"@type":"ReadAction","target":["https:\/\/elements.hr\/shop\/proizvod\/stock-credit-pack\/"]}]},{"@type":"BreadcrumbList","@id":"https:\/\/elements.hr\/shop\/proizvod\/stock-credit-pack\/#breadcrumb","itemListElement":[{"@type":"ListItem","position":1,"name":"Home","item":"https:\/\/elements.hr\/shop\/"},{"@type":"ListItem","position":2,"name":"Shop","item":"https:\/\/elements.hr\/shop\/shop\/"},{"@type":"ListItem","position":3,"name":"Stock Credit Pack"}]}]}},"_links":{"self":[{"href":"https:\/\/elements.hr\/shop\/wp-json\/wp\/v2\/product\/4189","targetHints":{"allow":["GET"]}}],"collection":[{"href":"https:\/\/elements.hr\/shop\/wp-json\/wp\/v2\/product"}],"about":[{"href":"https:\/\/elements.hr\/shop\/wp-json\/wp\/v2\/types\/product"}],"wp:featuredmedia":[{"embeddable":true,"href":"https:\/\/elements.hr\/shop\/wp-json\/wp\/v2\/media\/4356"}],"wp:attachment":[{"href":"https:\/\/elements.hr\/shop\/wp-json\/wp\/v2\/media?parent=4189"}],"wp:term":[{"taxonomy":"product_cat","embeddable":true,"href":"https:\/\/elements.hr\/shop\/wp-json\/wp\/v2\/product_cat?post=4189"},{"taxonomy":"product_tag","embeddable":true,"href":"https:\/\/elements.hr\/shop\/wp-json\/wp\/v2\/product_tag?post=4189"}],"curies":[{"name":"wp","href":"https:\/\/api.w.org\/{rel}","templated":true}]}}