{"id":4281,"date":"2022-04-19T18:23:03","date_gmt":"2022-04-19T18:23:03","guid":{"rendered":"https:\/\/elements.hr\/shop\/?post_type=product&#038;p=4281"},"modified":"2023-11-04T06:42:08","modified_gmt":"2023-11-04T06:42:08","slug":"adobe-lightroom","status":"publish","type":"product","link":"https:\/\/elements.hr\/shop\/proizvod\/adobe-lightroom\/","title":{"rendered":"Adobe Lightroom"},"content":{"rendered":"<h1><img loading=\"lazy\" decoding=\"async\" class=\"size-full wp-image-4380 alignleft\" src=\"https:\/\/elements.hr\/shop\/wp-content\/uploads\/2022\/12\/adobe-lightroom.png\" alt=\"\" width=\"450\" height=\"640\" srcset=\"https:\/\/elements.hr\/shop\/wp-content\/uploads\/2022\/12\/adobe-lightroom.png 450w, https:\/\/elements.hr\/shop\/wp-content\/uploads\/2022\/12\/adobe-lightroom-211x300.png 211w, https:\/\/elements.hr\/shop\/wp-content\/uploads\/2022\/12\/adobe-lightroom-416x592.png 416w\" sizes=\"auto, (max-width: 450px) 100vw, 450px\" \/>Adobe Lightroom<\/h1>\n<p>U novoj verziji programa Lightroom va\u0161e fotografije bit \u0107e uvijek uz vas. Fotografije mo\u017eete organizirati, urediti i podijeliti s bilo koje lokacije \u2013 na ra\u010dunalu, na webu, na ure\u0111ajima iPad i iPhone ili pak na ure\u0111ajima sa sustavom Android. Sve \u0161to vam treba za fotografiju. Sve na jednom mjestu.<\/p>\n<p>VA\u0160E NAJBOLJE FOTOGRAFIJE. SADA MOGU BITI JO\u0160 BOLJE.<\/p>\n<p>Prizori na va\u0161im fotografijama ne odgovaraju uvijek onima iz va\u0161eg sje\u0107anja. U programu Lightroom dostupni su vam, me\u0111utim, svi alati pomo\u0107u kojih iz svojih fotografija mo\u017eete izvu\u0107i ono najbolje. Poja\u010dajte boje, dosadnim fotografijama udahnite novi \u017eivot, uklonite ne\u017eeljene objekte i ispravite nakrivljene snimke. Najnovije izdanje obuhva\u0107a i mo\u0107ne nove zna\u010dajke za prilago\u0111avanje zamagljenosti, stvaranje nevjerojatnih HDR fotografija i panorama, pobolj\u0161ane radne zna\u010dajke koje omogu\u0107uju br\u017ei uvoz i ure\u0111ivanje te jo\u0161 mnogo toga.<\/p>\n","protected":false},"excerpt":{"rendered":"<p>Adobe Lightroom U novoj verziji programa Lightroom va\u0161e fotografije bit \u0107e uvijek uz vas. Fotografije mo\u017eete organizirati, urediti i podijeliti s bilo koje lokacije \u2013 na ra\u010dunalu, na webu, na ure\u0111ajima iPad i iPhone ili pak na ure\u0111ajima sa sustavom Android. Sve \u0161to vam treba za fotografiju. Sve na jednom mjestu. VA\u0160E NAJBOLJE FOTOGRAFIJE. SADA [&hellip;]<\/p>\n","protected":false},"featured_media":4352,"template":"","meta":[],"product_cat":[32,20],"product_tag":[],"class_list":["post-4281","product","type-product","status-publish","has-post-thumbnail","hentry","product_cat-adobe-design","product_cat-adobe"],"yoast_head":"<!-- This site is optimized with the Yoast SEO plugin v18.6 - https:\/\/yoast.com\/wordpress\/plugins\/seo\/ -->\n<title>Adobe Lightroom - Elements Digital Shop<\/title>\n<meta name=\"description\" content=\"Uz Adobe Lightroom ure\u0111ujte, organizirajte, pohranjujte i dijelite fotografije s bilo kojeg mjesta.\" \/>\n<meta name=\"robots\" content=\"index, follow, max-snippet:-1, max-image-preview:large, max-video-preview:-1\" \/>\n<link rel=\"canonical\" href=\"https:\/\/elements.hr\/shop\/proizvod\/adobe-lightroom\/\" \/>\n<meta property=\"og:locale\" content=\"hr_HR\" \/>\n<meta property=\"og:type\" content=\"article\" \/>\n<meta property=\"og:title\" content=\"Adobe Lightroom - Elements Digital Shop\" \/>\n<meta property=\"og:description\" content=\"Uz Adobe Lightroom ure\u0111ujte, organizirajte, pohranjujte i dijelite fotografije s bilo kojeg mjesta.\" \/>\n<meta property=\"og:url\" content=\"https:\/\/elements.hr\/shop\/proizvod\/adobe-lightroom\/\" \/>\n<meta property=\"og:site_name\" content=\"Elements Digital Shop\" \/>\n<meta property=\"article:modified_time\" content=\"2023-11-04T06:42:08+00:00\" \/>\n<meta property=\"og:image\" content=\"https:\/\/elements.hr\/shop\/wp-content\/uploads\/2022\/12\/adobe-2023-lightroom.png\" \/>\n\t<meta property=\"og:image:width\" content=\"500\" \/>\n\t<meta property=\"og:image:height\" content=\"500\" \/>\n\t<meta property=\"og:image:type\" content=\"image\/png\" \/>\n<meta name=\"twitter:card\" content=\"summary_large_image\" \/>\n<meta name=\"twitter:label1\" content=\"Procijenjeno vrijeme \u010ditanja\" \/>\n\t<meta name=\"twitter:data1\" content=\"1 minuta\" \/>\n<script type=\"application\/ld+json\" class=\"yoast-schema-graph\">{\"@context\":\"https:\/\/schema.org\",\"@graph\":[{\"@type\":\"Organization\",\"@id\":\"https:\/\/elements.hr\/shop\/#organization\",\"name\":\"Elements Digital d.o.o.\",\"url\":\"https:\/\/elements.hr\/shop\/\",\"sameAs\":[],\"logo\":{\"@type\":\"ImageObject\",\"@id\":\"https:\/\/elements.hr\/shop\/#logo\",\"inLanguage\":\"hr\",\"url\":\"https:\/\/elements.hr\/shop\/wp-content\/uploads\/2022\/04\/logo-header.png\",\"contentUrl\":\"https:\/\/elements.hr\/shop\/wp-content\/uploads\/2022\/04\/logo-header.png\",\"width\":1241,\"height\":295,\"caption\":\"Elements Digital d.o.o.\"},\"image\":{\"@id\":\"https:\/\/elements.hr\/shop\/#logo\"}},{\"@type\":\"WebSite\",\"@id\":\"https:\/\/elements.hr\/shop\/#website\",\"url\":\"https:\/\/elements.hr\/shop\/\",\"name\":\"Elements Digital Shop\",\"description\":\"Elements Digital Shop\",\"publisher\":{\"@id\":\"https:\/\/elements.hr\/shop\/#organization\"},\"potentialAction\":[{\"@type\":\"SearchAction\",\"target\":{\"@type\":\"EntryPoint\",\"urlTemplate\":\"https:\/\/elements.hr\/shop\/?s={search_term_string}\"},\"query-input\":\"required name=search_term_string\"}],\"inLanguage\":\"hr\"},{\"@type\":\"ImageObject\",\"@id\":\"https:\/\/elements.hr\/shop\/proizvod\/adobe-lightroom\/#primaryimage\",\"inLanguage\":\"hr\",\"url\":\"https:\/\/elements.hr\/shop\/wp-content\/uploads\/2022\/12\/adobe-2023-lightroom.png\",\"contentUrl\":\"https:\/\/elements.hr\/shop\/wp-content\/uploads\/2022\/12\/adobe-2023-lightroom.png\",\"width\":500,\"height\":500},{\"@type\":\"WebPage\",\"@id\":\"https:\/\/elements.hr\/shop\/proizvod\/adobe-lightroom\/#webpage\",\"url\":\"https:\/\/elements.hr\/shop\/proizvod\/adobe-lightroom\/\",\"name\":\"Adobe Lightroom - Elements Digital Shop\",\"isPartOf\":{\"@id\":\"https:\/\/elements.hr\/shop\/#website\"},\"primaryImageOfPage\":{\"@id\":\"https:\/\/elements.hr\/shop\/proizvod\/adobe-lightroom\/#primaryimage\"},\"datePublished\":\"2022-04-19T18:23:03+00:00\",\"dateModified\":\"2023-11-04T06:42:08+00:00\",\"description\":\"Uz Adobe Lightroom ure\u0111ujte, organizirajte, pohranjujte i dijelite fotografije s bilo kojeg mjesta.\",\"breadcrumb\":{\"@id\":\"https:\/\/elements.hr\/shop\/proizvod\/adobe-lightroom\/#breadcrumb\"},\"inLanguage\":\"hr\",\"potentialAction\":[{\"@type\":\"ReadAction\",\"target\":[\"https:\/\/elements.hr\/shop\/proizvod\/adobe-lightroom\/\"]}]},{\"@type\":\"BreadcrumbList\",\"@id\":\"https:\/\/elements.hr\/shop\/proizvod\/adobe-lightroom\/#breadcrumb\",\"itemListElement\":[{\"@type\":\"ListItem\",\"position\":1,\"name\":\"Home\",\"item\":\"https:\/\/elements.hr\/shop\/\"},{\"@type\":\"ListItem\",\"position\":2,\"name\":\"Shop\",\"item\":\"https:\/\/elements.hr\/shop\/shop\/\"},{\"@type\":\"ListItem\",\"position\":3,\"name\":\"Adobe Lightroom\"}]}]}<\/script>\n<!-- \/ Yoast SEO plugin. -->","yoast_head_json":{"title":"Adobe Lightroom - Elements Digital Shop","description":"Uz Adobe Lightroom ure\u0111ujte, organizirajte, pohranjujte i dijelite fotografije s bilo kojeg mjesta.","robots":{"index":"index","follow":"follow","max-snippet":"max-snippet:-1","max-image-preview":"max-image-preview:large","max-video-preview":"max-video-preview:-1"},"canonical":"https:\/\/elements.hr\/shop\/proizvod\/adobe-lightroom\/","og_locale":"hr_HR","og_type":"article","og_title":"Adobe Lightroom - Elements Digital Shop","og_description":"Uz Adobe Lightroom ure\u0111ujte, organizirajte, pohranjujte i dijelite fotografije s bilo kojeg mjesta.","og_url":"https:\/\/elements.hr\/shop\/proizvod\/adobe-lightroom\/","og_site_name":"Elements Digital Shop","article_modified_time":"2023-11-04T06:42:08+00:00","og_image":[{"width":500,"height":500,"url":"https:\/\/elements.hr\/shop\/wp-content\/uploads\/2022\/12\/adobe-2023-lightroom.png","type":"image\/png"}],"twitter_card":"summary_large_image","twitter_misc":{"Procijenjeno vrijeme \u010ditanja":"1 minuta"},"schema":{"@context":"https:\/\/schema.org","@graph":[{"@type":"Organization","@id":"https:\/\/elements.hr\/shop\/#organization","name":"Elements Digital d.o.o.","url":"https:\/\/elements.hr\/shop\/","sameAs":[],"logo":{"@type":"ImageObject","@id":"https:\/\/elements.hr\/shop\/#logo","inLanguage":"hr","url":"https:\/\/elements.hr\/shop\/wp-content\/uploads\/2022\/04\/logo-header.png","contentUrl":"https:\/\/elements.hr\/shop\/wp-content\/uploads\/2022\/04\/logo-header.png","width":1241,"height":295,"caption":"Elements Digital d.o.o."},"image":{"@id":"https:\/\/elements.hr\/shop\/#logo"}},{"@type":"WebSite","@id":"https:\/\/elements.hr\/shop\/#website","url":"https:\/\/elements.hr\/shop\/","name":"Elements Digital Shop","description":"Elements Digital Shop","publisher":{"@id":"https:\/\/elements.hr\/shop\/#organization"},"potentialAction":[{"@type":"SearchAction","target":{"@type":"EntryPoint","urlTemplate":"https:\/\/elements.hr\/shop\/?s={search_term_string}"},"query-input":"required name=search_term_string"}],"inLanguage":"hr"},{"@type":"ImageObject","@id":"https:\/\/elements.hr\/shop\/proizvod\/adobe-lightroom\/#primaryimage","inLanguage":"hr","url":"https:\/\/elements.hr\/shop\/wp-content\/uploads\/2022\/12\/adobe-2023-lightroom.png","contentUrl":"https:\/\/elements.hr\/shop\/wp-content\/uploads\/2022\/12\/adobe-2023-lightroom.png","width":500,"height":500},{"@type":"WebPage","@id":"https:\/\/elements.hr\/shop\/proizvod\/adobe-lightroom\/#webpage","url":"https:\/\/elements.hr\/shop\/proizvod\/adobe-lightroom\/","name":"Adobe Lightroom - Elements Digital Shop","isPartOf":{"@id":"https:\/\/elements.hr\/shop\/#website"},"primaryImageOfPage":{"@id":"https:\/\/elements.hr\/shop\/proizvod\/adobe-lightroom\/#primaryimage"},"datePublished":"2022-04-19T18:23:03+00:00","dateModified":"2023-11-04T06:42:08+00:00","description":"Uz Adobe Lightroom ure\u0111ujte, organizirajte, pohranjujte i dijelite fotografije s bilo kojeg mjesta.","breadcrumb":{"@id":"https:\/\/elements.hr\/shop\/proizvod\/adobe-lightroom\/#breadcrumb"},"inLanguage":"hr","potentialAction":[{"@type":"ReadAction","target":["https:\/\/elements.hr\/shop\/proizvod\/adobe-lightroom\/"]}]},{"@type":"BreadcrumbList","@id":"https:\/\/elements.hr\/shop\/proizvod\/adobe-lightroom\/#breadcrumb","itemListElement":[{"@type":"ListItem","position":1,"name":"Home","item":"https:\/\/elements.hr\/shop\/"},{"@type":"ListItem","position":2,"name":"Shop","item":"https:\/\/elements.hr\/shop\/shop\/"},{"@type":"ListItem","position":3,"name":"Adobe Lightroom"}]}]}},"_links":{"self":[{"href":"https:\/\/elements.hr\/shop\/wp-json\/wp\/v2\/product\/4281","targetHints":{"allow":["GET"]}}],"collection":[{"href":"https:\/\/elements.hr\/shop\/wp-json\/wp\/v2\/product"}],"about":[{"href":"https:\/\/elements.hr\/shop\/wp-json\/wp\/v2\/types\/product"}],"wp:featuredmedia":[{"embeddable":true,"href":"https:\/\/elements.hr\/shop\/wp-json\/wp\/v2\/media\/4352"}],"wp:attachment":[{"href":"https:\/\/elements.hr\/shop\/wp-json\/wp\/v2\/media?parent=4281"}],"wp:term":[{"taxonomy":"product_cat","embeddable":true,"href":"https:\/\/elements.hr\/shop\/wp-json\/wp\/v2\/product_cat?post=4281"},{"taxonomy":"product_tag","embeddable":true,"href":"https:\/\/elements.hr\/shop\/wp-json\/wp\/v2\/product_tag?post=4281"}],"curies":[{"name":"wp","href":"https:\/\/api.w.org\/{rel}","templated":true}]}}