{"id":49,"date":"2019-08-14T21:44:12","date_gmt":"2019-08-14T21:44:12","guid":{"rendered":"https:\/\/elements.hr\/shop\/?post_type=product&#038;p=49"},"modified":"2023-11-04T06:50:51","modified_gmt":"2023-11-04T06:50:51","slug":"adobe-photoshop","status":"publish","type":"product","link":"https:\/\/elements.hr\/shop\/proizvod\/adobe-photoshop\/","title":{"rendered":"Adobe Photoshop"},"content":{"rendered":"<h1><img loading=\"lazy\" decoding=\"async\" class=\"size-full wp-image-4376 alignleft\" src=\"https:\/\/elements.hr\/shop\/wp-content\/uploads\/2022\/12\/adobe-photoshop.png\" alt=\"\" width=\"450\" height=\"640\" srcset=\"https:\/\/elements.hr\/shop\/wp-content\/uploads\/2022\/12\/adobe-photoshop.png 450w, https:\/\/elements.hr\/shop\/wp-content\/uploads\/2022\/12\/adobe-photoshop-211x300.png 211w, https:\/\/elements.hr\/shop\/wp-content\/uploads\/2022\/12\/adobe-photoshop-416x592.png 416w\" sizes=\"auto, (max-width: 450px) 100vw, 450px\" \/>Adobe Photoshop<\/h1>\n<p>Uz Adobe Photoshop sve \u0161to zamislite mo\u017eete pretvoriti u stvarnost. Gdje god se nalazili.<\/p>\n<p>Najbolji svjetski program za fotografije i dizajn temelj je gotovo svakog kreativnog projekta. Na ra\u010dunalu i mobilnim ure\u0111ajima mo\u017eete napraviti i pobolj\u0161ati fotografije, dizajne za web i mobilne aplikacije, 3D radove ili videozapise.<\/p>\n<p>Vode\u0107i svjetski softver za naprednu obradu fotografija omogu\u0107uje vam ure\u0111ivanje, retu\u0161iranje i manipuliranje fotografijama na sve mogu\u0107e na\u010dine koje mo\u017eete zamisliti. S obzirom da sada dolazi kao Creative Cloud aplikacija, uz sve prednosti koje vam Photoshop donosi, omogu\u0107uje vam i spremanje, dijeljenje i pristup materijalima od bilo kud u samo nekoliko klikova.<\/p>\n<p>Uz mnoge prednosti kao \u0161to su ubrzavanje obrade i ure\u0111ivanja fotografija, br\u017ee procesiranje ve\u0107ih fotografija te intuitivno stvaranje videozapisa, neke od zna\u010dajnijih mogu\u0107nosti su:<\/p>\n<ul>\n<li>Camera Shake Reduction alat, koji ispravlja pomaknute piksele nastale prilikom fotografiranja,<\/li>\n<li>nove Camera Raw mogu\u0107nosti za primjerice ispravljanje perspektive ili<\/li>\n<li>mogu\u0107nost kreiranja i pregledavanja 3D modela te njihovo printanje direktno na 3D printer.<\/li>\n<\/ul>\n<p><strong>Napomena:<\/strong>\u00a0Licenca Adobe softvera namijenjena je za jednog korisnika unutar tvrtke, te je potrebno kupiti onoliko licenci koliko je korisnika. Licenca se mo\u017ee instalirati na do dva ra\u010dunala istog korisnika, ali se ne smije koristiti istovremeno.<\/p>\n","protected":false},"excerpt":{"rendered":"<p>Adobe Photoshop Uz Adobe Photoshop sve \u0161to zamislite mo\u017eete pretvoriti u stvarnost. Gdje god se nalazili. Najbolji svjetski program za fotografije i dizajn temelj je gotovo svakog kreativnog projekta. Na ra\u010dunalu i mobilnim ure\u0111ajima mo\u017eete napraviti i pobolj\u0161ati fotografije, dizajne za web i mobilne aplikacije, 3D radove ili videozapise. Vode\u0107i svjetski softver za naprednu obradu [&hellip;]<\/p>\n","protected":false},"featured_media":4353,"template":"","meta":[],"product_cat":[32,20],"product_tag":[],"class_list":["post-49","product","type-product","status-publish","has-post-thumbnail","hentry","product_cat-adobe-design","product_cat-adobe"],"yoast_head":"<!-- This site is optimized with the Yoast SEO plugin v18.6 - https:\/\/yoast.com\/wordpress\/plugins\/seo\/ -->\n<title>Adobe Photoshop - 472 EUR\/godi\u0161nje - Elements Digital Shop<\/title>\n<meta name=\"description\" content=\"Uz Photoshop stvorite prelijepu grafiku, fotografije i umjetnost na radnoj povr\u0161ini ili iPadu. Dolazi s Adobe Frescom za crtanje i slikanje.\" \/>\n<meta name=\"robots\" content=\"index, follow, max-snippet:-1, max-image-preview:large, max-video-preview:-1\" \/>\n<link rel=\"canonical\" href=\"https:\/\/elements.hr\/shop\/proizvod\/adobe-photoshop\/\" \/>\n<meta property=\"og:locale\" content=\"hr_HR\" \/>\n<meta property=\"og:type\" content=\"article\" \/>\n<meta property=\"og:title\" content=\"Adobe Photoshop - 472 EUR\/godi\u0161nje - Elements Digital Shop\" \/>\n<meta property=\"og:description\" content=\"Uz Photoshop stvorite prelijepu grafiku, fotografije i umjetnost na radnoj povr\u0161ini ili iPadu. Dolazi s Adobe Frescom za crtanje i slikanje.\" \/>\n<meta property=\"og:url\" content=\"https:\/\/elements.hr\/shop\/proizvod\/adobe-photoshop\/\" \/>\n<meta property=\"og:site_name\" content=\"Elements Digital Shop\" \/>\n<meta property=\"article:modified_time\" content=\"2023-11-04T06:50:51+00:00\" \/>\n<meta property=\"og:image\" content=\"https:\/\/elements.hr\/shop\/wp-content\/uploads\/2022\/12\/adobe-2023-photoshop.png\" \/>\n\t<meta property=\"og:image:width\" content=\"500\" \/>\n\t<meta property=\"og:image:height\" content=\"500\" \/>\n\t<meta property=\"og:image:type\" content=\"image\/png\" \/>\n<meta name=\"twitter:card\" content=\"summary_large_image\" \/>\n<meta name=\"twitter:label1\" content=\"Procijenjeno vrijeme \u010ditanja\" \/>\n\t<meta name=\"twitter:data1\" content=\"2 minute\" \/>\n<script type=\"application\/ld+json\" class=\"yoast-schema-graph\">{\"@context\":\"https:\/\/schema.org\",\"@graph\":[{\"@type\":\"Organization\",\"@id\":\"https:\/\/elements.hr\/shop\/#organization\",\"name\":\"Elements Digital d.o.o.\",\"url\":\"https:\/\/elements.hr\/shop\/\",\"sameAs\":[],\"logo\":{\"@type\":\"ImageObject\",\"@id\":\"https:\/\/elements.hr\/shop\/#logo\",\"inLanguage\":\"hr\",\"url\":\"https:\/\/elements.hr\/shop\/wp-content\/uploads\/2022\/04\/logo-header.png\",\"contentUrl\":\"https:\/\/elements.hr\/shop\/wp-content\/uploads\/2022\/04\/logo-header.png\",\"width\":1241,\"height\":295,\"caption\":\"Elements Digital d.o.o.\"},\"image\":{\"@id\":\"https:\/\/elements.hr\/shop\/#logo\"}},{\"@type\":\"WebSite\",\"@id\":\"https:\/\/elements.hr\/shop\/#website\",\"url\":\"https:\/\/elements.hr\/shop\/\",\"name\":\"Elements Digital Shop\",\"description\":\"Elements Digital Shop\",\"publisher\":{\"@id\":\"https:\/\/elements.hr\/shop\/#organization\"},\"potentialAction\":[{\"@type\":\"SearchAction\",\"target\":{\"@type\":\"EntryPoint\",\"urlTemplate\":\"https:\/\/elements.hr\/shop\/?s={search_term_string}\"},\"query-input\":\"required name=search_term_string\"}],\"inLanguage\":\"hr\"},{\"@type\":\"ImageObject\",\"@id\":\"https:\/\/elements.hr\/shop\/proizvod\/adobe-photoshop\/#primaryimage\",\"inLanguage\":\"hr\",\"url\":\"https:\/\/elements.hr\/shop\/wp-content\/uploads\/2022\/12\/adobe-2023-photoshop.png\",\"contentUrl\":\"https:\/\/elements.hr\/shop\/wp-content\/uploads\/2022\/12\/adobe-2023-photoshop.png\",\"width\":500,\"height\":500,\"caption\":\"Adobe Photoshop cijena\"},{\"@type\":\"WebPage\",\"@id\":\"https:\/\/elements.hr\/shop\/proizvod\/adobe-photoshop\/#webpage\",\"url\":\"https:\/\/elements.hr\/shop\/proizvod\/adobe-photoshop\/\",\"name\":\"Adobe Photoshop - 472 EUR\/godi\u0161nje - Elements Digital Shop\",\"isPartOf\":{\"@id\":\"https:\/\/elements.hr\/shop\/#website\"},\"primaryImageOfPage\":{\"@id\":\"https:\/\/elements.hr\/shop\/proizvod\/adobe-photoshop\/#primaryimage\"},\"datePublished\":\"2019-08-14T21:44:12+00:00\",\"dateModified\":\"2023-11-04T06:50:51+00:00\",\"description\":\"Uz Photoshop stvorite prelijepu grafiku, fotografije i umjetnost na radnoj povr\u0161ini ili iPadu. Dolazi s Adobe Frescom za crtanje i slikanje.\",\"breadcrumb\":{\"@id\":\"https:\/\/elements.hr\/shop\/proizvod\/adobe-photoshop\/#breadcrumb\"},\"inLanguage\":\"hr\",\"potentialAction\":[{\"@type\":\"ReadAction\",\"target\":[\"https:\/\/elements.hr\/shop\/proizvod\/adobe-photoshop\/\"]}]},{\"@type\":\"BreadcrumbList\",\"@id\":\"https:\/\/elements.hr\/shop\/proizvod\/adobe-photoshop\/#breadcrumb\",\"itemListElement\":[{\"@type\":\"ListItem\",\"position\":1,\"name\":\"Home\",\"item\":\"https:\/\/elements.hr\/shop\/\"},{\"@type\":\"ListItem\",\"position\":2,\"name\":\"Shop\",\"item\":\"https:\/\/elements.hr\/shop\/shop\/\"},{\"@type\":\"ListItem\",\"position\":3,\"name\":\"Adobe Photoshop\"}]}]}<\/script>\n<!-- \/ Yoast SEO plugin. -->","yoast_head_json":{"title":"Adobe Photoshop - 472 EUR\/godi\u0161nje - Elements Digital Shop","description":"Uz Photoshop stvorite prelijepu grafiku, fotografije i umjetnost na radnoj povr\u0161ini ili iPadu. Dolazi s Adobe Frescom za crtanje i slikanje.","robots":{"index":"index","follow":"follow","max-snippet":"max-snippet:-1","max-image-preview":"max-image-preview:large","max-video-preview":"max-video-preview:-1"},"canonical":"https:\/\/elements.hr\/shop\/proizvod\/adobe-photoshop\/","og_locale":"hr_HR","og_type":"article","og_title":"Adobe Photoshop - 472 EUR\/godi\u0161nje - Elements Digital Shop","og_description":"Uz Photoshop stvorite prelijepu grafiku, fotografije i umjetnost na radnoj povr\u0161ini ili iPadu. Dolazi s Adobe Frescom za crtanje i slikanje.","og_url":"https:\/\/elements.hr\/shop\/proizvod\/adobe-photoshop\/","og_site_name":"Elements Digital Shop","article_modified_time":"2023-11-04T06:50:51+00:00","og_image":[{"width":500,"height":500,"url":"https:\/\/elements.hr\/shop\/wp-content\/uploads\/2022\/12\/adobe-2023-photoshop.png","type":"image\/png"}],"twitter_card":"summary_large_image","twitter_misc":{"Procijenjeno vrijeme \u010ditanja":"2 minute"},"schema":{"@context":"https:\/\/schema.org","@graph":[{"@type":"Organization","@id":"https:\/\/elements.hr\/shop\/#organization","name":"Elements Digital d.o.o.","url":"https:\/\/elements.hr\/shop\/","sameAs":[],"logo":{"@type":"ImageObject","@id":"https:\/\/elements.hr\/shop\/#logo","inLanguage":"hr","url":"https:\/\/elements.hr\/shop\/wp-content\/uploads\/2022\/04\/logo-header.png","contentUrl":"https:\/\/elements.hr\/shop\/wp-content\/uploads\/2022\/04\/logo-header.png","width":1241,"height":295,"caption":"Elements Digital d.o.o."},"image":{"@id":"https:\/\/elements.hr\/shop\/#logo"}},{"@type":"WebSite","@id":"https:\/\/elements.hr\/shop\/#website","url":"https:\/\/elements.hr\/shop\/","name":"Elements Digital Shop","description":"Elements Digital Shop","publisher":{"@id":"https:\/\/elements.hr\/shop\/#organization"},"potentialAction":[{"@type":"SearchAction","target":{"@type":"EntryPoint","urlTemplate":"https:\/\/elements.hr\/shop\/?s={search_term_string}"},"query-input":"required name=search_term_string"}],"inLanguage":"hr"},{"@type":"ImageObject","@id":"https:\/\/elements.hr\/shop\/proizvod\/adobe-photoshop\/#primaryimage","inLanguage":"hr","url":"https:\/\/elements.hr\/shop\/wp-content\/uploads\/2022\/12\/adobe-2023-photoshop.png","contentUrl":"https:\/\/elements.hr\/shop\/wp-content\/uploads\/2022\/12\/adobe-2023-photoshop.png","width":500,"height":500,"caption":"Adobe Photoshop cijena"},{"@type":"WebPage","@id":"https:\/\/elements.hr\/shop\/proizvod\/adobe-photoshop\/#webpage","url":"https:\/\/elements.hr\/shop\/proizvod\/adobe-photoshop\/","name":"Adobe Photoshop - 472 EUR\/godi\u0161nje - Elements Digital Shop","isPartOf":{"@id":"https:\/\/elements.hr\/shop\/#website"},"primaryImageOfPage":{"@id":"https:\/\/elements.hr\/shop\/proizvod\/adobe-photoshop\/#primaryimage"},"datePublished":"2019-08-14T21:44:12+00:00","dateModified":"2023-11-04T06:50:51+00:00","description":"Uz Photoshop stvorite prelijepu grafiku, fotografije i umjetnost na radnoj povr\u0161ini ili iPadu. Dolazi s Adobe Frescom za crtanje i slikanje.","breadcrumb":{"@id":"https:\/\/elements.hr\/shop\/proizvod\/adobe-photoshop\/#breadcrumb"},"inLanguage":"hr","potentialAction":[{"@type":"ReadAction","target":["https:\/\/elements.hr\/shop\/proizvod\/adobe-photoshop\/"]}]},{"@type":"BreadcrumbList","@id":"https:\/\/elements.hr\/shop\/proizvod\/adobe-photoshop\/#breadcrumb","itemListElement":[{"@type":"ListItem","position":1,"name":"Home","item":"https:\/\/elements.hr\/shop\/"},{"@type":"ListItem","position":2,"name":"Shop","item":"https:\/\/elements.hr\/shop\/shop\/"},{"@type":"ListItem","position":3,"name":"Adobe Photoshop"}]}]}},"_links":{"self":[{"href":"https:\/\/elements.hr\/shop\/wp-json\/wp\/v2\/product\/49","targetHints":{"allow":["GET"]}}],"collection":[{"href":"https:\/\/elements.hr\/shop\/wp-json\/wp\/v2\/product"}],"about":[{"href":"https:\/\/elements.hr\/shop\/wp-json\/wp\/v2\/types\/product"}],"wp:featuredmedia":[{"embeddable":true,"href":"https:\/\/elements.hr\/shop\/wp-json\/wp\/v2\/media\/4353"}],"wp:attachment":[{"href":"https:\/\/elements.hr\/shop\/wp-json\/wp\/v2\/media?parent=49"}],"wp:term":[{"taxonomy":"product_cat","embeddable":true,"href":"https:\/\/elements.hr\/shop\/wp-json\/wp\/v2\/product_cat?post=49"},{"taxonomy":"product_tag","embeddable":true,"href":"https:\/\/elements.hr\/shop\/wp-json\/wp\/v2\/product_tag?post=49"}],"curies":[{"name":"wp","href":"https:\/\/api.w.org\/{rel}","templated":true}]}}