{"id":51,"date":"2019-08-14T21:54:26","date_gmt":"2019-08-14T21:54:26","guid":{"rendered":"https:\/\/elements.hr\/shop\/?post_type=product&#038;p=51"},"modified":"2023-11-04T06:50:33","modified_gmt":"2023-11-04T06:50:33","slug":"adobe-indesgn","status":"publish","type":"product","link":"https:\/\/elements.hr\/shop\/proizvod\/adobe-indesgn\/","title":{"rendered":"Adobe InDesign"},"content":{"rendered":"<h1><img loading=\"lazy\" decoding=\"async\" class=\"size-full wp-image-4377 alignleft\" src=\"https:\/\/elements.hr\/shop\/wp-content\/uploads\/2022\/12\/adobe-indesign.png\" alt=\"\" width=\"450\" height=\"640\" srcset=\"https:\/\/elements.hr\/shop\/wp-content\/uploads\/2022\/12\/adobe-indesign.png 450w, https:\/\/elements.hr\/shop\/wp-content\/uploads\/2022\/12\/adobe-indesign-211x300.png 211w, https:\/\/elements.hr\/shop\/wp-content\/uploads\/2022\/12\/adobe-indesign-416x592.png 416w\" sizes=\"auto, (max-width: 450px) 100vw, 450px\" \/>Adobe InDesign<\/h1>\n<p>Jednostavno prilagodite prijelom stranicama razli\u010ditih dimenzija ili orijentacija, kao i razli\u010ditim ekranima. S obzirom da dolazi kao Creative Cloud aplikacija, mo\u017eete sinkronizirati postavke poput pre\u010daca na tipkovnici ili radnih povr\u0161ina na nekoliko ra\u010dunala.<\/p>\n<p>Nove i unaprije\u0111ene zna\u010dajke omogu\u0107uju jo\u0161 br\u017ee i jednostavnije kreiranje atraktivnih i interaktivnih sadr\u017eaja bilo za tisak ili digitalno izdava\u0161tvo. Samo neki od novi alata su Sync Fonts, zahvaljuju\u0107i kojem dizajneri sada mogu na\u0107i idealan font izme\u0111u vi\u0161e od 700 fontova iz Adobe baze, jednostavnije i intuitivnije kreiranje i upravljanje hiperlinkovima, jednostavnije i br\u017ee pretra\u017eivanje fontova, kao i bolja kontrola nad svim elementima dokumenta pri izvozu.<\/p>\n<p>Stvorite i isporu\u010dite bogat interaktivan sadr\u017eaj InDesign i u najnovijoj verziji vodi glavnu rije\u010d u podru\u010dju izdava\u0161tva, ovaj put optimiziraju\u0107i stvaranje vi\u0161estrukih prijeloma iz jednog skupa sadr\u017eaja, sve uz pomo\u0107 novih prilagodljivih dizajnerskih alata kao \u0161to su Alternate Layout, Liquid Layout, Content Collector Tools i Linked Content<\/p>\n<p>Nova zna\u010dajka Liquid Layout koristi se pri primjeni pravila stranica da bi se automatski promijenio prijelom za prikaz na mobilnim ure\u0111ajima, uz prilagodbu orijentaciji ili veli\u010dini stranice te pomo\u0107 pri zapo\u010dinjanju dizajna alternativnih prijeloma<\/p>\n<p>Bilo da se radi o dizajniranju dokumenata za tisak, aplikacija za tablete, interaktivnih PDF datoteka ili izradi sadr\u017eaja za sve te medije, nove zna\u010dajke programa InDesign poma\u017eu dizajnerima da rade u\u010dinkovitije nego ikad prije.<\/p>\n<p><b>Napomena<\/b>: Licenca Adobe softvera namijenjena je za jednog korisnika unutar tvrtke, te je potrebno kupiti onoliko licenci koliko je korisnika. Licenca se mo\u017ee instalirati na do dva ra\u010dunala istog korisnika, ali se ne smije koristiti istovremeno.<\/p>\n","protected":false},"excerpt":{"rendered":"<p>Adobe InDesign Jednostavno prilagodite prijelom stranicama razli\u010ditih dimenzija ili orijentacija, kao i razli\u010ditim ekranima. S obzirom da dolazi kao Creative Cloud aplikacija, mo\u017eete sinkronizirati postavke poput pre\u010daca na tipkovnici ili radnih povr\u0161ina na nekoliko ra\u010dunala. Nove i unaprije\u0111ene zna\u010dajke omogu\u0107uju jo\u0161 br\u017ee i jednostavnije kreiranje atraktivnih i interaktivnih sadr\u017eaja bilo za tisak ili digitalno izdava\u0161tvo. [&hellip;]<\/p>\n","protected":false},"featured_media":4351,"template":"","meta":[],"product_cat":[32,20],"product_tag":[],"class_list":["post-51","product","type-product","status-publish","has-post-thumbnail","hentry","product_cat-adobe-design","product_cat-adobe"],"yoast_head":"<!-- This site is optimized with the Yoast SEO plugin v18.6 - https:\/\/yoast.com\/wordpress\/plugins\/seo\/ -->\n<title>Adobe InDesign - Elements Digital Shop<\/title>\n<meta name=\"description\" content=\"Dizajnirajte dokumente za tisak, aplikacije za tablete, interaktivne PDF datoteke, a nove zna\u010dajke InDesigna poma\u017eu da radite u\u010dinkovitije.\" \/>\n<meta name=\"robots\" content=\"index, follow, max-snippet:-1, max-image-preview:large, max-video-preview:-1\" \/>\n<link rel=\"canonical\" href=\"https:\/\/elements.hr\/shop\/proizvod\/adobe-indesgn\/\" \/>\n<meta property=\"og:locale\" content=\"hr_HR\" \/>\n<meta property=\"og:type\" content=\"article\" \/>\n<meta property=\"og:title\" content=\"Adobe InDesign - Elements Digital Shop\" \/>\n<meta property=\"og:description\" content=\"Dizajnirajte dokumente za tisak, aplikacije za tablete, interaktivne PDF datoteke, a nove zna\u010dajke InDesigna poma\u017eu da radite u\u010dinkovitije.\" \/>\n<meta property=\"og:url\" content=\"https:\/\/elements.hr\/shop\/proizvod\/adobe-indesgn\/\" \/>\n<meta property=\"og:site_name\" content=\"Elements Digital Shop\" \/>\n<meta property=\"article:modified_time\" content=\"2023-11-04T06:50:33+00:00\" \/>\n<meta property=\"og:image\" content=\"https:\/\/elements.hr\/shop\/wp-content\/uploads\/2022\/12\/adobe-2023-indesign.png\" \/>\n\t<meta property=\"og:image:width\" content=\"500\" \/>\n\t<meta property=\"og:image:height\" content=\"500\" \/>\n\t<meta property=\"og:image:type\" content=\"image\/png\" \/>\n<meta name=\"twitter:card\" content=\"summary_large_image\" \/>\n<meta name=\"twitter:label1\" content=\"Procijenjeno vrijeme \u010ditanja\" \/>\n\t<meta name=\"twitter:data1\" content=\"2 minute\" \/>\n<script type=\"application\/ld+json\" class=\"yoast-schema-graph\">{\"@context\":\"https:\/\/schema.org\",\"@graph\":[{\"@type\":\"Organization\",\"@id\":\"https:\/\/elements.hr\/shop\/#organization\",\"name\":\"Elements Digital d.o.o.\",\"url\":\"https:\/\/elements.hr\/shop\/\",\"sameAs\":[],\"logo\":{\"@type\":\"ImageObject\",\"@id\":\"https:\/\/elements.hr\/shop\/#logo\",\"inLanguage\":\"hr\",\"url\":\"https:\/\/elements.hr\/shop\/wp-content\/uploads\/2022\/04\/logo-header.png\",\"contentUrl\":\"https:\/\/elements.hr\/shop\/wp-content\/uploads\/2022\/04\/logo-header.png\",\"width\":1241,\"height\":295,\"caption\":\"Elements Digital d.o.o.\"},\"image\":{\"@id\":\"https:\/\/elements.hr\/shop\/#logo\"}},{\"@type\":\"WebSite\",\"@id\":\"https:\/\/elements.hr\/shop\/#website\",\"url\":\"https:\/\/elements.hr\/shop\/\",\"name\":\"Elements Digital Shop\",\"description\":\"Elements Digital Shop\",\"publisher\":{\"@id\":\"https:\/\/elements.hr\/shop\/#organization\"},\"potentialAction\":[{\"@type\":\"SearchAction\",\"target\":{\"@type\":\"EntryPoint\",\"urlTemplate\":\"https:\/\/elements.hr\/shop\/?s={search_term_string}\"},\"query-input\":\"required name=search_term_string\"}],\"inLanguage\":\"hr\"},{\"@type\":\"ImageObject\",\"@id\":\"https:\/\/elements.hr\/shop\/proizvod\/adobe-indesgn\/#primaryimage\",\"inLanguage\":\"hr\",\"url\":\"https:\/\/elements.hr\/shop\/wp-content\/uploads\/2022\/12\/adobe-2023-indesign.png\",\"contentUrl\":\"https:\/\/elements.hr\/shop\/wp-content\/uploads\/2022\/12\/adobe-2023-indesign.png\",\"width\":500,\"height\":500},{\"@type\":\"WebPage\",\"@id\":\"https:\/\/elements.hr\/shop\/proizvod\/adobe-indesgn\/#webpage\",\"url\":\"https:\/\/elements.hr\/shop\/proizvod\/adobe-indesgn\/\",\"name\":\"Adobe InDesign - Elements Digital Shop\",\"isPartOf\":{\"@id\":\"https:\/\/elements.hr\/shop\/#website\"},\"primaryImageOfPage\":{\"@id\":\"https:\/\/elements.hr\/shop\/proizvod\/adobe-indesgn\/#primaryimage\"},\"datePublished\":\"2019-08-14T21:54:26+00:00\",\"dateModified\":\"2023-11-04T06:50:33+00:00\",\"description\":\"Dizajnirajte dokumente za tisak, aplikacije za tablete, interaktivne PDF datoteke, a nove zna\u010dajke InDesigna poma\u017eu da radite u\u010dinkovitije.\",\"breadcrumb\":{\"@id\":\"https:\/\/elements.hr\/shop\/proizvod\/adobe-indesgn\/#breadcrumb\"},\"inLanguage\":\"hr\",\"potentialAction\":[{\"@type\":\"ReadAction\",\"target\":[\"https:\/\/elements.hr\/shop\/proizvod\/adobe-indesgn\/\"]}]},{\"@type\":\"BreadcrumbList\",\"@id\":\"https:\/\/elements.hr\/shop\/proizvod\/adobe-indesgn\/#breadcrumb\",\"itemListElement\":[{\"@type\":\"ListItem\",\"position\":1,\"name\":\"Home\",\"item\":\"https:\/\/elements.hr\/shop\/\"},{\"@type\":\"ListItem\",\"position\":2,\"name\":\"Shop\",\"item\":\"https:\/\/elements.hr\/shop\/shop\/\"},{\"@type\":\"ListItem\",\"position\":3,\"name\":\"Adobe InDesign\"}]}]}<\/script>\n<!-- \/ Yoast SEO plugin. -->","yoast_head_json":{"title":"Adobe InDesign - Elements Digital Shop","description":"Dizajnirajte dokumente za tisak, aplikacije za tablete, interaktivne PDF datoteke, a nove zna\u010dajke InDesigna poma\u017eu da radite u\u010dinkovitije.","robots":{"index":"index","follow":"follow","max-snippet":"max-snippet:-1","max-image-preview":"max-image-preview:large","max-video-preview":"max-video-preview:-1"},"canonical":"https:\/\/elements.hr\/shop\/proizvod\/adobe-indesgn\/","og_locale":"hr_HR","og_type":"article","og_title":"Adobe InDesign - Elements Digital Shop","og_description":"Dizajnirajte dokumente za tisak, aplikacije za tablete, interaktivne PDF datoteke, a nove zna\u010dajke InDesigna poma\u017eu da radite u\u010dinkovitije.","og_url":"https:\/\/elements.hr\/shop\/proizvod\/adobe-indesgn\/","og_site_name":"Elements Digital Shop","article_modified_time":"2023-11-04T06:50:33+00:00","og_image":[{"width":500,"height":500,"url":"https:\/\/elements.hr\/shop\/wp-content\/uploads\/2022\/12\/adobe-2023-indesign.png","type":"image\/png"}],"twitter_card":"summary_large_image","twitter_misc":{"Procijenjeno vrijeme \u010ditanja":"2 minute"},"schema":{"@context":"https:\/\/schema.org","@graph":[{"@type":"Organization","@id":"https:\/\/elements.hr\/shop\/#organization","name":"Elements Digital d.o.o.","url":"https:\/\/elements.hr\/shop\/","sameAs":[],"logo":{"@type":"ImageObject","@id":"https:\/\/elements.hr\/shop\/#logo","inLanguage":"hr","url":"https:\/\/elements.hr\/shop\/wp-content\/uploads\/2022\/04\/logo-header.png","contentUrl":"https:\/\/elements.hr\/shop\/wp-content\/uploads\/2022\/04\/logo-header.png","width":1241,"height":295,"caption":"Elements Digital d.o.o."},"image":{"@id":"https:\/\/elements.hr\/shop\/#logo"}},{"@type":"WebSite","@id":"https:\/\/elements.hr\/shop\/#website","url":"https:\/\/elements.hr\/shop\/","name":"Elements Digital Shop","description":"Elements Digital Shop","publisher":{"@id":"https:\/\/elements.hr\/shop\/#organization"},"potentialAction":[{"@type":"SearchAction","target":{"@type":"EntryPoint","urlTemplate":"https:\/\/elements.hr\/shop\/?s={search_term_string}"},"query-input":"required name=search_term_string"}],"inLanguage":"hr"},{"@type":"ImageObject","@id":"https:\/\/elements.hr\/shop\/proizvod\/adobe-indesgn\/#primaryimage","inLanguage":"hr","url":"https:\/\/elements.hr\/shop\/wp-content\/uploads\/2022\/12\/adobe-2023-indesign.png","contentUrl":"https:\/\/elements.hr\/shop\/wp-content\/uploads\/2022\/12\/adobe-2023-indesign.png","width":500,"height":500},{"@type":"WebPage","@id":"https:\/\/elements.hr\/shop\/proizvod\/adobe-indesgn\/#webpage","url":"https:\/\/elements.hr\/shop\/proizvod\/adobe-indesgn\/","name":"Adobe InDesign - Elements Digital Shop","isPartOf":{"@id":"https:\/\/elements.hr\/shop\/#website"},"primaryImageOfPage":{"@id":"https:\/\/elements.hr\/shop\/proizvod\/adobe-indesgn\/#primaryimage"},"datePublished":"2019-08-14T21:54:26+00:00","dateModified":"2023-11-04T06:50:33+00:00","description":"Dizajnirajte dokumente za tisak, aplikacije za tablete, interaktivne PDF datoteke, a nove zna\u010dajke InDesigna poma\u017eu da radite u\u010dinkovitije.","breadcrumb":{"@id":"https:\/\/elements.hr\/shop\/proizvod\/adobe-indesgn\/#breadcrumb"},"inLanguage":"hr","potentialAction":[{"@type":"ReadAction","target":["https:\/\/elements.hr\/shop\/proizvod\/adobe-indesgn\/"]}]},{"@type":"BreadcrumbList","@id":"https:\/\/elements.hr\/shop\/proizvod\/adobe-indesgn\/#breadcrumb","itemListElement":[{"@type":"ListItem","position":1,"name":"Home","item":"https:\/\/elements.hr\/shop\/"},{"@type":"ListItem","position":2,"name":"Shop","item":"https:\/\/elements.hr\/shop\/shop\/"},{"@type":"ListItem","position":3,"name":"Adobe InDesign"}]}]}},"_links":{"self":[{"href":"https:\/\/elements.hr\/shop\/wp-json\/wp\/v2\/product\/51","targetHints":{"allow":["GET"]}}],"collection":[{"href":"https:\/\/elements.hr\/shop\/wp-json\/wp\/v2\/product"}],"about":[{"href":"https:\/\/elements.hr\/shop\/wp-json\/wp\/v2\/types\/product"}],"wp:featuredmedia":[{"embeddable":true,"href":"https:\/\/elements.hr\/shop\/wp-json\/wp\/v2\/media\/4351"}],"wp:attachment":[{"href":"https:\/\/elements.hr\/shop\/wp-json\/wp\/v2\/media?parent=51"}],"wp:term":[{"taxonomy":"product_cat","embeddable":true,"href":"https:\/\/elements.hr\/shop\/wp-json\/wp\/v2\/product_cat?post=51"},{"taxonomy":"product_tag","embeddable":true,"href":"https:\/\/elements.hr\/shop\/wp-json\/wp\/v2\/product_tag?post=51"}],"curies":[{"name":"wp","href":"https:\/\/api.w.org\/{rel}","templated":true}]}}