{"id":81,"date":"2019-08-15T00:00:24","date_gmt":"2019-08-15T00:00:24","guid":{"rendered":"https:\/\/elements.hr\/shop\/?post_type=product&#038;p=81"},"modified":"2023-11-04T06:50:08","modified_gmt":"2023-11-04T06:50:08","slug":"adobe-creative-cloud-all-apps","status":"publish","type":"product","link":"https:\/\/elements.hr\/shop\/proizvod\/adobe-creative-cloud-all-apps\/","title":{"rendered":"Adobe Creative Cloud All Apps"},"content":{"rendered":"<h1>Adobe Creative Cloud All Apps<\/h1>\n<p>Creative Cloud za tvrtke poslovnim subjektima pru\u017ea sve \u0161to im je potrebno za dizajniranje izvrsnih korisni\u010dkih do\u017eivljaja na bilo kojem ure\u0111aju. U\u010dinkovito stvarajte i sura\u0111ujte uz povezane ra\u010dunalne programe i mobilne aplikacije te servise u oblaku.<\/p>\n<p>Nabavite najnovije verzije ra\u010dunalnih programa za kreativce koje nudi Adobe \u2013 uklju\u010duju\u0107i Photoshop CC, Illustrator CC, InDesign CC \u2013 kao i mobilne aplikacije u kojima mo\u017eete stvarati gdje god se nalazili. Sve je povezano sa zna\u010dajkom CreativeSync, pa najnovije datoteke i resurse mo\u017eete otvoriti na bilo kojem ure\u0111aju.<\/p>\n<div>Adobe Creative Cloud All Apps (sve aplikacije) je godi\u0161nji najam (pretplata na 12 mjeseci) Adobe softvera, koji obuhva\u0107a:<\/div>\n<div><\/div>\n<div><b>Desktop aplikacije<\/b><\/div>\n<div>Photoshop, Lightroom, Illustrator, InDesign, Premiere Pro, After Effects, Dreamweaver, Dimensions, Adobe Animate, Acrobat Pro DC, Audition, InCopy, Bridge, Prelude, XD.<\/div>\n<div><\/div>\n<div><b>Mobilne aplikacije<\/b><\/div>\n<div>Adobe Capture, Adobe Illustrator Draw, Adobe Photoshop Sketch, Adobe Comp CC, Adobe Preview CC, Adobe Slate, Adobe Premiere Clip, Adobe Voice, Lightroom for mobile, Adobe Photoshop Mix, Adobe Photoshop Fix, Behance, Creative Portfolio, Creative SDK, Creative Cloud for iOS, Creative Cloud for Android, Creative Cloud Tutorials, Creative Cloud Libraries<\/div>\n<div><\/div>\n<div><b>Napomena<\/b>: Licenca Adobe softvera namijenjena je za jednog korisnika unutar tvrtke, te je potrebno kupiti onoliko licenci koliko je korisnika. Licenca se mo\u017ee instalirati na do dva ra\u010dunala istog korisnika, ali se ne smije koristiti istovremeno.<\/div>\n","protected":false},"excerpt":{"rendered":"<p>Adobe Creative Cloud All Apps Creative Cloud za tvrtke poslovnim subjektima pru\u017ea sve \u0161to im je potrebno za dizajniranje izvrsnih korisni\u010dkih do\u017eivljaja na bilo kojem ure\u0111aju. U\u010dinkovito stvarajte i sura\u0111ujte uz povezane ra\u010dunalne programe i mobilne aplikacije te servise u oblaku. Nabavite najnovije verzije ra\u010dunalnih programa za kreativce koje nudi Adobe \u2013 uklju\u010duju\u0107i Photoshop CC, [&hellip;]<\/p>\n","protected":false},"featured_media":4345,"template":"","meta":[],"product_cat":[32,20],"product_tag":[],"class_list":["post-81","product","type-product","status-publish","has-post-thumbnail","hentry","product_cat-adobe-design","product_cat-adobe"],"yoast_head":"<!-- This site is optimized with the Yoast SEO plugin v18.6 - https:\/\/yoast.com\/wordpress\/plugins\/seo\/ -->\n<title>Adobe Creative Cloud All Apps - Elements Digital Shop<\/title>\n<meta name=\"description\" content=\"Nabavite 20+ kreativnih aplikacija uklju\u010duju\u0107i Photoshop, Illustrator, Premiere Pro, Acrobat Pro, After Effects, InDesign, Dreamweaver XD...\" \/>\n<meta name=\"robots\" content=\"index, follow, max-snippet:-1, max-image-preview:large, max-video-preview:-1\" \/>\n<link rel=\"canonical\" href=\"https:\/\/elements.hr\/shop\/proizvod\/adobe-creative-cloud-all-apps\/\" \/>\n<meta property=\"og:locale\" content=\"hr_HR\" \/>\n<meta property=\"og:type\" content=\"article\" \/>\n<meta property=\"og:title\" content=\"Adobe Creative Cloud All Apps - Elements Digital Shop\" \/>\n<meta property=\"og:description\" content=\"Nabavite 20+ kreativnih aplikacija uklju\u010duju\u0107i Photoshop, Illustrator, Premiere Pro, Acrobat Pro, After Effects, InDesign, Dreamweaver XD...\" \/>\n<meta property=\"og:url\" content=\"https:\/\/elements.hr\/shop\/proizvod\/adobe-creative-cloud-all-apps\/\" \/>\n<meta property=\"og:site_name\" content=\"Elements Digital Shop\" \/>\n<meta property=\"article:modified_time\" content=\"2023-11-04T06:50:08+00:00\" \/>\n<meta property=\"og:image\" content=\"https:\/\/elements.hr\/shop\/wp-content\/uploads\/2022\/12\/adobe-2023-creative-cloud.png\" \/>\n\t<meta property=\"og:image:width\" content=\"500\" \/>\n\t<meta property=\"og:image:height\" content=\"500\" \/>\n\t<meta property=\"og:image:type\" content=\"image\/png\" \/>\n<meta name=\"twitter:card\" content=\"summary_large_image\" \/>\n<meta name=\"twitter:label1\" content=\"Procijenjeno vrijeme \u010ditanja\" \/>\n\t<meta name=\"twitter:data1\" content=\"2 minute\" \/>\n<script type=\"application\/ld+json\" class=\"yoast-schema-graph\">{\"@context\":\"https:\/\/schema.org\",\"@graph\":[{\"@type\":\"Organization\",\"@id\":\"https:\/\/elements.hr\/shop\/#organization\",\"name\":\"Elements Digital d.o.o.\",\"url\":\"https:\/\/elements.hr\/shop\/\",\"sameAs\":[],\"logo\":{\"@type\":\"ImageObject\",\"@id\":\"https:\/\/elements.hr\/shop\/#logo\",\"inLanguage\":\"hr\",\"url\":\"https:\/\/elements.hr\/shop\/wp-content\/uploads\/2022\/04\/logo-header.png\",\"contentUrl\":\"https:\/\/elements.hr\/shop\/wp-content\/uploads\/2022\/04\/logo-header.png\",\"width\":1241,\"height\":295,\"caption\":\"Elements Digital d.o.o.\"},\"image\":{\"@id\":\"https:\/\/elements.hr\/shop\/#logo\"}},{\"@type\":\"WebSite\",\"@id\":\"https:\/\/elements.hr\/shop\/#website\",\"url\":\"https:\/\/elements.hr\/shop\/\",\"name\":\"Elements Digital Shop\",\"description\":\"Elements Digital Shop\",\"publisher\":{\"@id\":\"https:\/\/elements.hr\/shop\/#organization\"},\"potentialAction\":[{\"@type\":\"SearchAction\",\"target\":{\"@type\":\"EntryPoint\",\"urlTemplate\":\"https:\/\/elements.hr\/shop\/?s={search_term_string}\"},\"query-input\":\"required name=search_term_string\"}],\"inLanguage\":\"hr\"},{\"@type\":\"ImageObject\",\"@id\":\"https:\/\/elements.hr\/shop\/proizvod\/adobe-creative-cloud-all-apps\/#primaryimage\",\"inLanguage\":\"hr\",\"url\":\"https:\/\/elements.hr\/shop\/wp-content\/uploads\/2022\/12\/adobe-2023-creative-cloud.png\",\"contentUrl\":\"https:\/\/elements.hr\/shop\/wp-content\/uploads\/2022\/12\/adobe-2023-creative-cloud.png\",\"width\":500,\"height\":500},{\"@type\":\"WebPage\",\"@id\":\"https:\/\/elements.hr\/shop\/proizvod\/adobe-creative-cloud-all-apps\/#webpage\",\"url\":\"https:\/\/elements.hr\/shop\/proizvod\/adobe-creative-cloud-all-apps\/\",\"name\":\"Adobe Creative Cloud All Apps - Elements Digital Shop\",\"isPartOf\":{\"@id\":\"https:\/\/elements.hr\/shop\/#website\"},\"primaryImageOfPage\":{\"@id\":\"https:\/\/elements.hr\/shop\/proizvod\/adobe-creative-cloud-all-apps\/#primaryimage\"},\"datePublished\":\"2019-08-15T00:00:24+00:00\",\"dateModified\":\"2023-11-04T06:50:08+00:00\",\"description\":\"Nabavite 20+ kreativnih aplikacija uklju\u010duju\u0107i Photoshop, Illustrator, Premiere Pro, Acrobat Pro, After Effects, InDesign, Dreamweaver XD...\",\"breadcrumb\":{\"@id\":\"https:\/\/elements.hr\/shop\/proizvod\/adobe-creative-cloud-all-apps\/#breadcrumb\"},\"inLanguage\":\"hr\",\"potentialAction\":[{\"@type\":\"ReadAction\",\"target\":[\"https:\/\/elements.hr\/shop\/proizvod\/adobe-creative-cloud-all-apps\/\"]}]},{\"@type\":\"BreadcrumbList\",\"@id\":\"https:\/\/elements.hr\/shop\/proizvod\/adobe-creative-cloud-all-apps\/#breadcrumb\",\"itemListElement\":[{\"@type\":\"ListItem\",\"position\":1,\"name\":\"Home\",\"item\":\"https:\/\/elements.hr\/shop\/\"},{\"@type\":\"ListItem\",\"position\":2,\"name\":\"Shop\",\"item\":\"https:\/\/elements.hr\/shop\/shop\/\"},{\"@type\":\"ListItem\",\"position\":3,\"name\":\"Adobe Creative Cloud All Apps\"}]}]}<\/script>\n<!-- \/ Yoast SEO plugin. -->","yoast_head_json":{"title":"Adobe Creative Cloud All Apps - Elements Digital Shop","description":"Nabavite 20+ kreativnih aplikacija uklju\u010duju\u0107i Photoshop, Illustrator, Premiere Pro, Acrobat Pro, After Effects, InDesign, Dreamweaver XD...","robots":{"index":"index","follow":"follow","max-snippet":"max-snippet:-1","max-image-preview":"max-image-preview:large","max-video-preview":"max-video-preview:-1"},"canonical":"https:\/\/elements.hr\/shop\/proizvod\/adobe-creative-cloud-all-apps\/","og_locale":"hr_HR","og_type":"article","og_title":"Adobe Creative Cloud All Apps - Elements Digital Shop","og_description":"Nabavite 20+ kreativnih aplikacija uklju\u010duju\u0107i Photoshop, Illustrator, Premiere Pro, Acrobat Pro, After Effects, InDesign, Dreamweaver XD...","og_url":"https:\/\/elements.hr\/shop\/proizvod\/adobe-creative-cloud-all-apps\/","og_site_name":"Elements Digital Shop","article_modified_time":"2023-11-04T06:50:08+00:00","og_image":[{"width":500,"height":500,"url":"https:\/\/elements.hr\/shop\/wp-content\/uploads\/2022\/12\/adobe-2023-creative-cloud.png","type":"image\/png"}],"twitter_card":"summary_large_image","twitter_misc":{"Procijenjeno vrijeme \u010ditanja":"2 minute"},"schema":{"@context":"https:\/\/schema.org","@graph":[{"@type":"Organization","@id":"https:\/\/elements.hr\/shop\/#organization","name":"Elements Digital d.o.o.","url":"https:\/\/elements.hr\/shop\/","sameAs":[],"logo":{"@type":"ImageObject","@id":"https:\/\/elements.hr\/shop\/#logo","inLanguage":"hr","url":"https:\/\/elements.hr\/shop\/wp-content\/uploads\/2022\/04\/logo-header.png","contentUrl":"https:\/\/elements.hr\/shop\/wp-content\/uploads\/2022\/04\/logo-header.png","width":1241,"height":295,"caption":"Elements Digital d.o.o."},"image":{"@id":"https:\/\/elements.hr\/shop\/#logo"}},{"@type":"WebSite","@id":"https:\/\/elements.hr\/shop\/#website","url":"https:\/\/elements.hr\/shop\/","name":"Elements Digital Shop","description":"Elements Digital Shop","publisher":{"@id":"https:\/\/elements.hr\/shop\/#organization"},"potentialAction":[{"@type":"SearchAction","target":{"@type":"EntryPoint","urlTemplate":"https:\/\/elements.hr\/shop\/?s={search_term_string}"},"query-input":"required name=search_term_string"}],"inLanguage":"hr"},{"@type":"ImageObject","@id":"https:\/\/elements.hr\/shop\/proizvod\/adobe-creative-cloud-all-apps\/#primaryimage","inLanguage":"hr","url":"https:\/\/elements.hr\/shop\/wp-content\/uploads\/2022\/12\/adobe-2023-creative-cloud.png","contentUrl":"https:\/\/elements.hr\/shop\/wp-content\/uploads\/2022\/12\/adobe-2023-creative-cloud.png","width":500,"height":500},{"@type":"WebPage","@id":"https:\/\/elements.hr\/shop\/proizvod\/adobe-creative-cloud-all-apps\/#webpage","url":"https:\/\/elements.hr\/shop\/proizvod\/adobe-creative-cloud-all-apps\/","name":"Adobe Creative Cloud All Apps - Elements Digital Shop","isPartOf":{"@id":"https:\/\/elements.hr\/shop\/#website"},"primaryImageOfPage":{"@id":"https:\/\/elements.hr\/shop\/proizvod\/adobe-creative-cloud-all-apps\/#primaryimage"},"datePublished":"2019-08-15T00:00:24+00:00","dateModified":"2023-11-04T06:50:08+00:00","description":"Nabavite 20+ kreativnih aplikacija uklju\u010duju\u0107i Photoshop, Illustrator, Premiere Pro, Acrobat Pro, After Effects, InDesign, Dreamweaver XD...","breadcrumb":{"@id":"https:\/\/elements.hr\/shop\/proizvod\/adobe-creative-cloud-all-apps\/#breadcrumb"},"inLanguage":"hr","potentialAction":[{"@type":"ReadAction","target":["https:\/\/elements.hr\/shop\/proizvod\/adobe-creative-cloud-all-apps\/"]}]},{"@type":"BreadcrumbList","@id":"https:\/\/elements.hr\/shop\/proizvod\/adobe-creative-cloud-all-apps\/#breadcrumb","itemListElement":[{"@type":"ListItem","position":1,"name":"Home","item":"https:\/\/elements.hr\/shop\/"},{"@type":"ListItem","position":2,"name":"Shop","item":"https:\/\/elements.hr\/shop\/shop\/"},{"@type":"ListItem","position":3,"name":"Adobe Creative Cloud All Apps"}]}]}},"_links":{"self":[{"href":"https:\/\/elements.hr\/shop\/wp-json\/wp\/v2\/product\/81","targetHints":{"allow":["GET"]}}],"collection":[{"href":"https:\/\/elements.hr\/shop\/wp-json\/wp\/v2\/product"}],"about":[{"href":"https:\/\/elements.hr\/shop\/wp-json\/wp\/v2\/types\/product"}],"wp:featuredmedia":[{"embeddable":true,"href":"https:\/\/elements.hr\/shop\/wp-json\/wp\/v2\/media\/4345"}],"wp:attachment":[{"href":"https:\/\/elements.hr\/shop\/wp-json\/wp\/v2\/media?parent=81"}],"wp:term":[{"taxonomy":"product_cat","embeddable":true,"href":"https:\/\/elements.hr\/shop\/wp-json\/wp\/v2\/product_cat?post=81"},{"taxonomy":"product_tag","embeddable":true,"href":"https:\/\/elements.hr\/shop\/wp-json\/wp\/v2\/product_tag?post=81"}],"curies":[{"name":"wp","href":"https:\/\/api.w.org\/{rel}","templated":true}]}}